{"id":1339,"date":"2026-01-27T12:08:59","date_gmt":"2026-01-27T11:08:59","guid":{"rendered":"https:\/\/www.arduen.com\/?page_id=1339"},"modified":"2026-02-06T09:43:51","modified_gmt":"2026-02-06T08:43:51","slug":"yoga-retreats","status":"publish","type":"page","link":"https:\/\/www.arduen.com\/en\/bien-etre\/retraites-yoga\/","title":{"rendered":"Retraites yoga"},"content":{"rendered":"<div data-elementor-type=\"wp-page\" data-elementor-id=\"1339\" class=\"elementor elementor-1339\" data-elementor-post-type=\"page\">\n\t\t\t\t<div class=\"elementor-element elementor-element-0c1757c e-flex e-con-boxed e-con e-parent\" data-id=\"0c1757c\" data-element_type=\"container\" data-e-type=\"container\" data-settings=\"{&quot;background_background&quot;:&quot;classic&quot;}\">\n\t\t\t\t\t<div class=\"e-con-inner\">\n\t\t<div class=\"elementor-element elementor-element-f2ec10e e-con-full e-flex e-con e-child\" data-id=\"f2ec10e\" data-element_type=\"container\" data-e-type=\"container\">\n\t\t\t\t<div class=\"elementor-element elementor-element-c73e54b elementor-widget elementor-widget-text-editor\" data-id=\"c73e54b\" data-element_type=\"widget\" data-e-type=\"widget\" data-widget_type=\"text-editor.default\">\n\t\t\t\t<div class=\"elementor-widget-container\">\n\t\t\t\t\t\t\t\t\t<p>Yoga<\/p>\t\t\t\t\t\t\t\t<\/div>\n\t\t\t\t<\/div>\n\t\t\t\t<div class=\"elementor-element elementor-element-048f22b elementor-widget elementor-widget-heading\" data-id=\"048f22b\" data-element_type=\"widget\" data-e-type=\"widget\" data-widget_type=\"heading.default\">\n\t\t\t\t<div class=\"elementor-widget-container\">\n\t\t\t\t\t<h1 class=\"elementor-heading-title elementor-size-default\">Your yoga retreat in Brittany<\/h1>\t\t\t\t<\/div>\n\t\t\t\t<\/div>\n\t\t\t\t<div class=\"elementor-element elementor-element-c287851 hero-arrow elementor-view-default elementor-widget elementor-widget-icon\" data-id=\"c287851\" data-element_type=\"widget\" data-e-type=\"widget\" data-widget_type=\"icon.default\">\n\t\t\t\t<div class=\"elementor-widget-container\">\n\t\t\t\t\t\t\t<div class=\"elementor-icon-wrapper\">\n\t\t\t<a class=\"elementor-icon\" href=\"#introduction\">\n\t\t\t<svg xmlns=\"http:\/\/www.w3.org\/2000\/svg\" width=\"15\" height=\"8\" viewbox=\"0 0 15 8\" fill=\"none\"><path d=\"M0.5 0.5L7.02174 7.02174L13.5435 0.5\" stroke=\"white\" stroke-linecap=\"round\"><\/path><\/svg>\t\t\t<\/a>\n\t\t<\/div>\n\t\t\t\t\t\t<\/div>\n\t\t\t\t<\/div>\n\t\t\t\t<\/div>\n\t\t\t\t\t<\/div>\n\t\t\t\t<\/div>\n\t\t<div class=\"elementor-element elementor-element-1b831c7 e-flex e-con-boxed e-con e-parent\" data-id=\"1b831c7\" data-element_type=\"container\" data-e-type=\"container\" id=\"introduction\">\n\t\t\t\t\t<div class=\"e-con-inner\">\n\t\t<div class=\"elementor-element elementor-element-14c5982 e-con-full e-flex e-con e-child\" data-id=\"14c5982\" data-element_type=\"container\" data-e-type=\"container\">\n\t\t\t\t<div class=\"elementor-element elementor-element-3976438 animated-phrase elementor-widget elementor-widget-heading\" data-id=\"3976438\" data-element_type=\"widget\" data-e-type=\"widget\" data-widget_type=\"heading.default\">\n\t\t\t\t<div class=\"elementor-widget-container\">\n\t\t\t\t\t<h2 class=\"elementor-heading-title elementor-size-default\">Become one with the gentle lifestyle of the Breton countryside<\/h2>\t\t\t\t<\/div>\n\t\t\t\t<\/div>\n\t\t\t\t<\/div>\n\t\t<div class=\"elementor-element elementor-element-98a33ef e-con-full e-flex e-con e-child\" data-id=\"98a33ef\" data-element_type=\"container\" data-e-type=\"container\">\n\t\t\t\t<div class=\"elementor-element elementor-element-4649818 elementor-widget elementor-widget-text-editor\" data-id=\"4649818\" data-element_type=\"widget\" data-e-type=\"widget\" data-widget_type=\"text-editor.default\">\n\t\t\t\t<div class=\"elementor-widget-container\">\n\t\t\t\t\t\t\t\t\t<p>At the heart of the estate, yoga is practiced in harmony with nature. In the forest, in the gardens or indoors, each session invites you to breathe, ground yourself and rediscover balance. Guided by a qualified instructor, sessions encourage breathing, balance and refocusing.<\/p>\t\t\t\t\t\t\t\t<\/div>\n\t\t\t\t<\/div>\n\t\t\t\t<\/div>\n\t\t\t\t\t<\/div>\n\t\t\t\t<\/div>\n\t\t<div class=\"elementor-element elementor-element-ae52e08 home-evenements e-flex e-con-boxed e-con e-parent\" data-id=\"ae52e08\" data-element_type=\"container\" data-e-type=\"container\">\n\t\t\t\t\t<div class=\"e-con-inner\">\n\t\t<div class=\"elementor-element elementor-element-f690fbd e-con-full e-flex e-con e-child\" data-id=\"f690fbd\" data-element_type=\"container\" data-e-type=\"container\">\n\t\t<div class=\"elementor-element elementor-element-a882574 e-con-full content-wrapper e-flex e-con e-child\" data-id=\"a882574\" data-element_type=\"container\" data-e-type=\"container\">\n\t\t<div class=\"elementor-element elementor-element-812295e e-con-full e-flex e-con e-child\" data-id=\"812295e\" data-element_type=\"container\" data-e-type=\"container\">\n\t\t\t\t<div class=\"elementor-element elementor-element-7ad952b elementor-widget__width-initial elementor-widget elementor-widget-heading\" data-id=\"7ad952b\" data-element_type=\"widget\" data-e-type=\"widget\" data-widget_type=\"heading.default\">\n\t\t\t\t<div class=\"elementor-widget-container\">\n\t\t\t\t\t<span class=\"elementor-heading-title elementor-size-default\">Slow down<\/span>\t\t\t\t<\/div>\n\t\t\t\t<\/div>\n\t\t\t\t<div class=\"elementor-element elementor-element-3aa0377 elementor-widget elementor-widget-heading\" data-id=\"3aa0377\" data-element_type=\"widget\" data-e-type=\"widget\" data-widget_type=\"heading.default\">\n\t\t\t\t<div class=\"elementor-widget-container\">\n\t\t\t\t\t<h2 class=\"elementor-heading-title elementor-size-default\">Yoga retreat\n<\/h2>\t\t\t\t<\/div>\n\t\t\t\t<\/div>\n\t\t\t\t<\/div>\n\t\t\t\t<div class=\"elementor-element elementor-element-5de64bc elementor-widget__width-inherit global-content-width content-blck-to-w elementor-widget elementor-widget-text-editor\" data-id=\"5de64bc\" data-element_type=\"widget\" data-e-type=\"widget\" data-widget_type=\"text-editor.default\">\n\t\t\t\t<div class=\"elementor-widget-container\">\n\t\t\t\t\t\t\t\t\t<p>Our yoga retreats in Brittany guarantee a break from the daily grind, just 40 minutes from Rennes, where the body finds its rightful place in harmony with the living.<\/p><p><br><\/p>\n<p>They offer an immersive experience, where each day alternates postures, meditation and moments of silence in the heart of nature. You learn to slow down, listen to your body and feel the quiet strength of the forest.&nbsp;<\/p><p><br><\/p><p>Accommodation, healthy meals and outdoor activities complete these stays, designed as a deep reconnection with the essentials. A return to oneself, supported by the gentleness of Brittany and the energy of the estate.<\/p>\t\t\t\t\t\t\t\t<\/div>\n\t\t\t\t<\/div>\n\t\t<a class=\"elementor-element elementor-element-a3cfb2f e-con-full common-cta-container e-flex e-con e-child\" data-id=\"a3cfb2f\" data-element_type=\"container\" data-e-type=\"container\" href=\"https:\/\/www.arduen.com\/en\/contact\/\">\n\t\t\t\t<div class=\"elementor-element elementor-element-3016820 common-cta-text elementor-widget elementor-widget-text-editor\" data-id=\"3016820\" data-element_type=\"widget\" data-e-type=\"widget\" data-widget_type=\"text-editor.default\">\n\t\t\t\t<div class=\"elementor-widget-container\">\n\t\t\t\t\t\t\t\t\t<p>Book your retirement<\/p>\t\t\t\t\t\t\t\t<\/div>\n\t\t\t\t<\/div>\n\t\t<div class=\"elementor-element elementor-element-72b88c3 e-con-full e-flex e-con e-child\" data-id=\"72b88c3\" data-element_type=\"container\" data-e-type=\"container\">\n\t\t\t\t<div class=\"elementor-element elementor-element-730d9b6 ellipse-1 ellipse elementor-view-default elementor-widget elementor-widget-icon\" data-id=\"730d9b6\" data-element_type=\"widget\" data-e-type=\"widget\" data-widget_type=\"icon.default\">\n\t\t\t\t<div class=\"elementor-widget-container\">\n\t\t\t\t\t\t\t<div class=\"elementor-icon-wrapper\">\n\t\t\t<div class=\"elementor-icon\">\n\t\t\t<svg xmlns=\"http:\/\/www.w3.org\/2000\/svg\" width=\"5\" height=\"5\" viewbox=\"0 0 5 5\" fill=\"none\"><circle cx=\"2.5\" cy=\"2.5\" r=\"2.5\" fill=\"#13110D\"><\/circle><\/svg>\t\t\t<\/div>\n\t\t<\/div>\n\t\t\t\t\t\t<\/div>\n\t\t\t\t<\/div>\n\t\t\t\t<div class=\"elementor-element elementor-element-50e2a11 ellipse-2 ellipse elementor-view-default elementor-widget elementor-widget-icon\" data-id=\"50e2a11\" data-element_type=\"widget\" data-e-type=\"widget\" data-widget_type=\"icon.default\">\n\t\t\t\t<div class=\"elementor-widget-container\">\n\t\t\t\t\t\t\t<div class=\"elementor-icon-wrapper\">\n\t\t\t<div class=\"elementor-icon\">\n\t\t\t<svg xmlns=\"http:\/\/www.w3.org\/2000\/svg\" width=\"5\" height=\"5\" viewbox=\"0 0 5 5\" fill=\"none\"><circle cx=\"2.5\" cy=\"2.5\" r=\"2.5\" fill=\"#13110D\"><\/circle><\/svg>\t\t\t<\/div>\n\t\t<\/div>\n\t\t\t\t\t\t<\/div>\n\t\t\t\t<\/div>\n\t\t\t\t<div class=\"elementor-element elementor-element-bad07fb ellipse-3 ellipse elementor-view-default elementor-widget elementor-widget-icon\" data-id=\"bad07fb\" data-element_type=\"widget\" data-e-type=\"widget\" data-widget_type=\"icon.default\">\n\t\t\t\t<div class=\"elementor-widget-container\">\n\t\t\t\t\t\t\t<div class=\"elementor-icon-wrapper\">\n\t\t\t<div class=\"elementor-icon\">\n\t\t\t<svg xmlns=\"http:\/\/www.w3.org\/2000\/svg\" width=\"5\" height=\"5\" viewbox=\"0 0 5 5\" fill=\"none\"><circle cx=\"2.5\" cy=\"2.5\" r=\"2.5\" fill=\"#13110D\"><\/circle><\/svg>\t\t\t<\/div>\n\t\t<\/div>\n\t\t\t\t\t\t<\/div>\n\t\t\t\t<\/div>\n\t\t\t\t<\/div>\n\t\t\t\t<\/a>\n\t\t\t\t<\/div>\n\t\t\t\t<\/div>\n\t\t<div class=\"elementor-element elementor-element-bee5f66 e-con-full e-flex e-con e-child\" data-id=\"bee5f66\" data-element_type=\"container\" data-e-type=\"container\">\n\t\t<div class=\"elementor-element elementor-element-35020a9 e-con-full visuals-wrapper e-flex e-con e-child\" data-id=\"35020a9\" data-element_type=\"container\" data-e-type=\"container\">\n\t\t\t\t<div class=\"elementor-element elementor-element-1c8acbe img-1 elementor-widget elementor-widget-image\" data-id=\"1c8acbe\" data-element_type=\"widget\" data-e-type=\"widget\" data-widget_type=\"image.default\">\n\t\t\t\t<div class=\"elementor-widget-container\">\n\t\t\t\t\t\t\t\t\t\t\t\t\t\t\t<img fetchpriority=\"high\" decoding=\"async\" width=\"1200\" height=\"750\" src=\"https:\/\/www.arduen.com\/wp-content\/uploads\/2026\/01\/yoga-domaine-hardouinais-3.jpg\" class=\"attachment-full size-full wp-image-1423\" alt=\"\" srcset=\"https:\/\/www.arduen.com\/wp-content\/uploads\/2026\/01\/yoga-domaine-hardouinais-3.jpg 1200w, https:\/\/www.arduen.com\/wp-content\/uploads\/2026\/01\/yoga-domaine-hardouinais-3-300x188.jpg 300w, https:\/\/www.arduen.com\/wp-content\/uploads\/2026\/01\/yoga-domaine-hardouinais-3-1024x640.jpg 1024w, https:\/\/www.arduen.com\/wp-content\/uploads\/2026\/01\/yoga-domaine-hardouinais-3-768x480.jpg 768w, https:\/\/www.arduen.com\/wp-content\/uploads\/2026\/01\/yoga-domaine-hardouinais-3-18x12.jpg 18w\" sizes=\"(max-width: 1200px) 100vw, 1200px\" title=\"\">\t\t\t\t\t\t\t\t\t\t\t\t\t\t\t<\/div>\n\t\t\t\t<\/div>\n\t\t\t\t<div class=\"elementor-element elementor-element-7e8d757 img-2 elementor-widget elementor-widget-image\" data-id=\"7e8d757\" data-element_type=\"widget\" data-e-type=\"widget\" data-widget_type=\"image.default\">\n\t\t\t\t<div class=\"elementor-widget-container\">\n\t\t\t\t\t\t\t\t\t\t\t\t\t\t\t<img decoding=\"async\" width=\"1200\" height=\"800\" src=\"https:\/\/www.arduen.com\/wp-content\/uploads\/2026\/01\/yoga-domaine-hardouinais-2.jpg\" class=\"attachment-full size-full wp-image-1424\" alt=\"\" srcset=\"https:\/\/www.arduen.com\/wp-content\/uploads\/2026\/01\/yoga-domaine-hardouinais-2.jpg 1200w, https:\/\/www.arduen.com\/wp-content\/uploads\/2026\/01\/yoga-domaine-hardouinais-2-300x200.jpg 300w, https:\/\/www.arduen.com\/wp-content\/uploads\/2026\/01\/yoga-domaine-hardouinais-2-1024x683.jpg 1024w, https:\/\/www.arduen.com\/wp-content\/uploads\/2026\/01\/yoga-domaine-hardouinais-2-768x512.jpg 768w, https:\/\/www.arduen.com\/wp-content\/uploads\/2026\/01\/yoga-domaine-hardouinais-2-18x12.jpg 18w\" sizes=\"(max-width: 1200px) 100vw, 1200px\" title=\"\">\t\t\t\t\t\t\t\t\t\t\t\t\t\t\t<\/div>\n\t\t\t\t<\/div>\n\t\t\t\t<div class=\"elementor-element elementor-element-9eca158 img-3 elementor-widget elementor-widget-image\" data-id=\"9eca158\" data-element_type=\"widget\" data-e-type=\"widget\" data-widget_type=\"image.default\">\n\t\t\t\t<div class=\"elementor-widget-container\">\n\t\t\t\t\t\t\t\t\t\t\t\t\t\t\t<img decoding=\"async\" width=\"1200\" height=\"800\" src=\"https:\/\/www.arduen.com\/wp-content\/uploads\/2026\/01\/yoga-domaine-hardouinais-1.jpg\" class=\"attachment-full size-full wp-image-1425\" alt=\"\" srcset=\"https:\/\/www.arduen.com\/wp-content\/uploads\/2026\/01\/yoga-domaine-hardouinais-1.jpg 1200w, https:\/\/www.arduen.com\/wp-content\/uploads\/2026\/01\/yoga-domaine-hardouinais-1-300x200.jpg 300w, https:\/\/www.arduen.com\/wp-content\/uploads\/2026\/01\/yoga-domaine-hardouinais-1-1024x683.jpg 1024w, https:\/\/www.arduen.com\/wp-content\/uploads\/2026\/01\/yoga-domaine-hardouinais-1-768x512.jpg 768w, https:\/\/www.arduen.com\/wp-content\/uploads\/2026\/01\/yoga-domaine-hardouinais-1-18x12.jpg 18w\" sizes=\"(max-width: 1200px) 100vw, 1200px\" title=\"\">\t\t\t\t\t\t\t\t\t\t\t\t\t\t\t<\/div>\n\t\t\t\t<\/div>\n\t\t\t\t<\/div>\n\t\t\t\t<\/div>\n\t\t\t\t\t<\/div>\n\t\t\t\t<\/div>\n\t\t\t\t<\/div>","protected":false},"excerpt":{"rendered":"<p>Yoga Votre retraite yoga en Bretagne Ne faites qu&rsquo;un avec la douceur de vivre de la campagne bretonne Au c\u0153ur du domaine, le yoga se pratique en harmonie avec la nature. En for\u00eat, dans les jardins ou en int\u00e9rieur, chaque s\u00e9ance invite \u00e0 respirer, \u00e0 s\u2019ancrer, \u00e0 retrouver l\u2019\u00e9quilibre. Les s\u00e9ances guid\u00e9es par un encadrant [&hellip;]<\/p>\n","protected":false},"author":13,"featured_media":0,"parent":253,"menu_order":0,"comment_status":"closed","ping_status":"closed","template":"","meta":{"_acf_changed":false,"inline_featured_image":false,"footnotes":""},"class_list":["post-1339","page","type-page","status-publish","hentry"],"acf":[],"_links":{"self":[{"href":"https:\/\/www.arduen.com\/en\/wp-json\/wp\/v2\/pages\/1339","targetHints":{"allow":["GET"]}}],"collection":[{"href":"https:\/\/www.arduen.com\/en\/wp-json\/wp\/v2\/pages"}],"about":[{"href":"https:\/\/www.arduen.com\/en\/wp-json\/wp\/v2\/types\/page"}],"author":[{"embeddable":true,"href":"https:\/\/www.arduen.com\/en\/wp-json\/wp\/v2\/users\/13"}],"replies":[{"embeddable":true,"href":"https:\/\/www.arduen.com\/en\/wp-json\/wp\/v2\/comments?post=1339"}],"version-history":[{"count":19,"href":"https:\/\/www.arduen.com\/en\/wp-json\/wp\/v2\/pages\/1339\/revisions"}],"predecessor-version":[{"id":2339,"href":"https:\/\/www.arduen.com\/en\/wp-json\/wp\/v2\/pages\/1339\/revisions\/2339"}],"up":[{"embeddable":true,"href":"https:\/\/www.arduen.com\/en\/wp-json\/wp\/v2\/pages\/253"}],"wp:attachment":[{"href":"https:\/\/www.arduen.com\/en\/wp-json\/wp\/v2\/media?parent=1339"}],"curies":[{"name":"wp","href":"https:\/\/api.w.org\/{rel}","templated":true}]}}