{"id":1352,"date":"2026-01-27T12:11:32","date_gmt":"2026-01-27T11:11:32","guid":{"rendered":"https:\/\/www.arduen.com\/?page_id=1352"},"modified":"2026-02-06T15:35:05","modified_gmt":"2026-02-06T14:35:05","slug":"masterclass-art","status":"publish","type":"page","link":"https:\/\/www.arduen.com\/en\/nos-evenements\/masterclass-art\/","title":{"rendered":"Masterclass Art"},"content":{"rendered":"<div data-elementor-type=\"wp-page\" data-elementor-id=\"1352\" class=\"elementor elementor-1352\" data-elementor-post-type=\"page\">\n\t\t\t\t<div class=\"elementor-element elementor-element-3e5ccc2 e-flex e-con-boxed e-con e-parent\" data-id=\"3e5ccc2\" data-element_type=\"container\" data-e-type=\"container\" data-settings=\"{&quot;background_background&quot;:&quot;classic&quot;}\">\n\t\t\t\t\t<div class=\"e-con-inner\">\n\t\t<div class=\"elementor-element elementor-element-d6a7c5a e-con-full e-flex e-con e-child\" data-id=\"d6a7c5a\" data-element_type=\"container\" data-e-type=\"container\">\n\t\t\t\t<div class=\"elementor-element elementor-element-05b95ee elementor-widget elementor-widget-text-editor\" data-id=\"05b95ee\" data-element_type=\"widget\" data-e-type=\"widget\" data-widget_type=\"text-editor.default\">\n\t\t\t\t<div class=\"elementor-widget-container\">\n\t\t\t\t\t\t\t\t\t<p>Masterclass Art<\/p>\t\t\t\t\t\t\t\t<\/div>\n\t\t\t\t<\/div>\n\t\t\t\t<div class=\"elementor-element elementor-element-fb6d7a6 elementor-widget elementor-widget-heading\" data-id=\"fb6d7a6\" data-element_type=\"widget\" data-e-type=\"widget\" data-widget_type=\"heading.default\">\n\t\t\t\t<div class=\"elementor-widget-container\">\n\t\t\t\t\t<h1 class=\"elementor-heading-title elementor-size-default\">Our events<\/h1>\t\t\t\t<\/div>\n\t\t\t\t<\/div>\n\t\t\t\t<div class=\"elementor-element elementor-element-c25b9a5 hero-arrow elementor-view-default elementor-widget elementor-widget-icon\" data-id=\"c25b9a5\" data-element_type=\"widget\" data-e-type=\"widget\" data-widget_type=\"icon.default\">\n\t\t\t\t<div class=\"elementor-widget-container\">\n\t\t\t\t\t\t\t<div class=\"elementor-icon-wrapper\">\n\t\t\t<a class=\"elementor-icon\" href=\"#introduction\">\n\t\t\t<svg xmlns=\"http:\/\/www.w3.org\/2000\/svg\" width=\"15\" height=\"8\" viewbox=\"0 0 15 8\" fill=\"none\"><path d=\"M0.5 0.5L7.02174 7.02174L13.5435 0.5\" stroke=\"white\" stroke-linecap=\"round\"><\/path><\/svg>\t\t\t<\/a>\n\t\t<\/div>\n\t\t\t\t\t\t<\/div>\n\t\t\t\t<\/div>\n\t\t\t\t<\/div>\n\t\t\t\t\t<\/div>\n\t\t\t\t<\/div>\n\t\t<div class=\"elementor-element elementor-element-ce54197 e-flex e-con-boxed e-con e-parent\" data-id=\"ce54197\" data-element_type=\"container\" data-e-type=\"container\" id=\"introduction\">\n\t\t\t\t\t<div class=\"e-con-inner\">\n\t\t<div class=\"elementor-element elementor-element-aa2fd15 e-con-full e-flex e-con e-child\" data-id=\"aa2fd15\" data-element_type=\"container\" data-e-type=\"container\">\n\t\t\t\t<div class=\"elementor-element elementor-element-84396d9 animated-phrase elementor-widget elementor-widget-heading\" data-id=\"84396d9\" data-element_type=\"widget\" data-e-type=\"widget\" data-widget_type=\"heading.default\">\n\t\t\t\t<div class=\"elementor-widget-container\">\n\t\t\t\t\t<h2 class=\"elementor-heading-title elementor-size-default\">Creating to the rhythm of Brittany: an artistic immersion in nature, inspiration and self-expression<\/h2>\t\t\t\t<\/div>\n\t\t\t\t<\/div>\n\t\t\t\t<\/div>\n\t\t<div class=\"elementor-element elementor-element-5862a90 e-con-full e-flex e-con e-child\" data-id=\"5862a90\" data-element_type=\"container\" data-e-type=\"container\">\n\t\t\t\t<div class=\"elementor-element elementor-element-472ef49 elementor-widget elementor-widget-text-editor\" data-id=\"472ef49\" data-element_type=\"widget\" data-e-type=\"widget\" data-widget_type=\"text-editor.default\">\n\t\t\t\t<div class=\"elementor-widget-container\">\n\t\t\t\t\t\t\t\t\t<p>In the heart of the La Hardouinais forest, Ar Duen hosts its 2026 Art Masterclasses. In this soothing setting, participants explore their creativity, accompanied by inspired artists, in close proximity to Breton nature and its living energy.<\/p>\t\t\t\t\t\t\t\t<\/div>\n\t\t\t\t<\/div>\n\t\t<a class=\"elementor-element elementor-element-3abaca0 e-con-full common-cta-container elementor-hidden-desktop elementor-hidden-laptop elementor-hidden-tablet_extra elementor-hidden-tablet elementor-hidden-mobile e-flex e-con e-child\" data-id=\"3abaca0\" data-element_type=\"container\" data-e-type=\"container\" href=\"#\">\n\t\t\t\t<div class=\"elementor-element elementor-element-f71415c common-cta-text elementor-widget elementor-widget-text-editor\" data-id=\"f71415c\" data-element_type=\"widget\" data-e-type=\"widget\" data-widget_type=\"text-editor.default\">\n\t\t\t\t<div class=\"elementor-widget-container\">\n\t\t\t\t\t\t\t\t\t<p>Read more<\/p>\t\t\t\t\t\t\t\t<\/div>\n\t\t\t\t<\/div>\n\t\t<div class=\"elementor-element elementor-element-03e7335 e-con-full e-flex e-con e-child\" data-id=\"03e7335\" data-element_type=\"container\" data-e-type=\"container\">\n\t\t\t\t<div class=\"elementor-element elementor-element-b01bfec ellipse-1 ellipse elementor-view-default elementor-widget elementor-widget-icon\" data-id=\"b01bfec\" data-element_type=\"widget\" data-e-type=\"widget\" data-widget_type=\"icon.default\">\n\t\t\t\t<div class=\"elementor-widget-container\">\n\t\t\t\t\t\t\t<div class=\"elementor-icon-wrapper\">\n\t\t\t<div class=\"elementor-icon\">\n\t\t\t<svg xmlns=\"http:\/\/www.w3.org\/2000\/svg\" width=\"5\" height=\"5\" viewbox=\"0 0 5 5\" fill=\"none\"><circle cx=\"2.5\" cy=\"2.5\" r=\"2.5\" fill=\"#13110D\"><\/circle><\/svg>\t\t\t<\/div>\n\t\t<\/div>\n\t\t\t\t\t\t<\/div>\n\t\t\t\t<\/div>\n\t\t\t\t<div class=\"elementor-element elementor-element-7f059fd ellipse-2 ellipse elementor-view-default elementor-widget elementor-widget-icon\" data-id=\"7f059fd\" data-element_type=\"widget\" data-e-type=\"widget\" data-widget_type=\"icon.default\">\n\t\t\t\t<div class=\"elementor-widget-container\">\n\t\t\t\t\t\t\t<div class=\"elementor-icon-wrapper\">\n\t\t\t<div class=\"elementor-icon\">\n\t\t\t<svg xmlns=\"http:\/\/www.w3.org\/2000\/svg\" width=\"5\" height=\"5\" viewbox=\"0 0 5 5\" fill=\"none\"><circle cx=\"2.5\" cy=\"2.5\" r=\"2.5\" fill=\"#13110D\"><\/circle><\/svg>\t\t\t<\/div>\n\t\t<\/div>\n\t\t\t\t\t\t<\/div>\n\t\t\t\t<\/div>\n\t\t\t\t<div class=\"elementor-element elementor-element-859a9e9 ellipse-3 ellipse elementor-view-default elementor-widget elementor-widget-icon\" data-id=\"859a9e9\" data-element_type=\"widget\" data-e-type=\"widget\" data-widget_type=\"icon.default\">\n\t\t\t\t<div class=\"elementor-widget-container\">\n\t\t\t\t\t\t\t<div class=\"elementor-icon-wrapper\">\n\t\t\t<div class=\"elementor-icon\">\n\t\t\t<svg xmlns=\"http:\/\/www.w3.org\/2000\/svg\" width=\"5\" height=\"5\" viewbox=\"0 0 5 5\" fill=\"none\"><circle cx=\"2.5\" cy=\"2.5\" r=\"2.5\" fill=\"#13110D\"><\/circle><\/svg>\t\t\t<\/div>\n\t\t<\/div>\n\t\t\t\t\t\t<\/div>\n\t\t\t\t<\/div>\n\t\t\t\t<\/div>\n\t\t\t\t<\/a>\n\t\t\t\t<\/div>\n\t\t\t\t\t<\/div>\n\t\t\t\t<\/div>\n\t\t<div class=\"elementor-element elementor-element-6c47306 restauration-section_rotisserie global-anim_img-upwards e-flex e-con-boxed e-con e-parent\" data-id=\"6c47306\" data-element_type=\"container\" data-e-type=\"container\">\n\t\t\t\t\t<div class=\"e-con-inner\">\n\t\t<div class=\"elementor-element elementor-element-64f2c16 e-con-full e-flex e-con e-child\" data-id=\"64f2c16\" data-element_type=\"container\" data-e-type=\"container\">\n\t\t<div class=\"elementor-element elementor-element-73984d1 e-con-full e-flex e-con e-child\" data-id=\"73984d1\" data-element_type=\"container\" data-e-type=\"container\">\n\t\t\t\t<div class=\"elementor-element elementor-element-c07314e elementor-widget elementor-widget-heading\" data-id=\"c07314e\" data-element_type=\"widget\" data-e-type=\"widget\" data-widget_type=\"heading.default\">\n\t\t\t\t<div class=\"elementor-widget-container\">\n\t\t\t\t\t<h2 class=\"elementor-heading-title elementor-size-default\">Creative immersion<\/h2>\t\t\t\t<\/div>\n\t\t\t\t<\/div>\n\t\t\t\t<\/div>\n\t\t\t\t<div class=\"elementor-element elementor-element-7c5df6a global-content-width elementor-widget elementor-widget-text-editor\" data-id=\"7c5df6a\" data-element_type=\"widget\" data-e-type=\"widget\" data-widget_type=\"text-editor.default\">\n\t\t\t\t<div class=\"elementor-widget-container\">\n\t\t\t\t\t\t\t\t\t<p>Ar Collection's Art Masterclasses invite you to a creative immersion in the heart of Brittany. In small groups, guided by an artist, participants discover or perfect an artistic practice in an inspiring setting. From Pont-Aven to Saint-Launeuc, each stop reveals a new source of inspiration, between encounters, learning and personal expression.<\/p><p>\u00a0<\/p>\t\t\t\t\t\t\t\t<\/div>\n\t\t\t\t<\/div>\n\t\t<a class=\"elementor-element elementor-element-31d5172 e-con-full common-cta-container e-flex e-con e-child\" data-id=\"31d5172\" data-element_type=\"container\" data-e-type=\"container\" href=\"https:\/\/www.arduen.com\/en\/contact\/\">\n\t\t\t\t<div class=\"elementor-element elementor-element-6b4498d common-cta-text elementor-widget elementor-widget-text-editor\" data-id=\"6b4498d\" data-element_type=\"widget\" data-e-type=\"widget\" data-widget_type=\"text-editor.default\">\n\t\t\t\t<div class=\"elementor-widget-container\">\n\t\t\t\t\t\t\t\t\t<p>Contact us<\/p>\t\t\t\t\t\t\t\t<\/div>\n\t\t\t\t<\/div>\n\t\t<div class=\"elementor-element elementor-element-450f8a6 e-con-full e-flex e-con e-child\" data-id=\"450f8a6\" data-element_type=\"container\" data-e-type=\"container\">\n\t\t\t\t<div class=\"elementor-element elementor-element-ab5c6f5 ellipse-1 ellipse elementor-view-default elementor-widget elementor-widget-icon\" data-id=\"ab5c6f5\" data-element_type=\"widget\" data-e-type=\"widget\" data-widget_type=\"icon.default\">\n\t\t\t\t<div class=\"elementor-widget-container\">\n\t\t\t\t\t\t\t<div class=\"elementor-icon-wrapper\">\n\t\t\t<div class=\"elementor-icon\">\n\t\t\t<svg xmlns=\"http:\/\/www.w3.org\/2000\/svg\" width=\"5\" height=\"5\" viewbox=\"0 0 5 5\" fill=\"none\"><circle cx=\"2.5\" cy=\"2.5\" r=\"2.5\" fill=\"#13110D\"><\/circle><\/svg>\t\t\t<\/div>\n\t\t<\/div>\n\t\t\t\t\t\t<\/div>\n\t\t\t\t<\/div>\n\t\t\t\t<div class=\"elementor-element elementor-element-33a5f59 ellipse-2 ellipse elementor-view-default elementor-widget elementor-widget-icon\" data-id=\"33a5f59\" data-element_type=\"widget\" data-e-type=\"widget\" data-widget_type=\"icon.default\">\n\t\t\t\t<div class=\"elementor-widget-container\">\n\t\t\t\t\t\t\t<div class=\"elementor-icon-wrapper\">\n\t\t\t<div class=\"elementor-icon\">\n\t\t\t<svg xmlns=\"http:\/\/www.w3.org\/2000\/svg\" width=\"5\" height=\"5\" viewbox=\"0 0 5 5\" fill=\"none\"><circle cx=\"2.5\" cy=\"2.5\" r=\"2.5\" fill=\"#13110D\"><\/circle><\/svg>\t\t\t<\/div>\n\t\t<\/div>\n\t\t\t\t\t\t<\/div>\n\t\t\t\t<\/div>\n\t\t\t\t<div class=\"elementor-element elementor-element-d4728f5 ellipse-3 ellipse elementor-view-default elementor-widget elementor-widget-icon\" data-id=\"d4728f5\" data-element_type=\"widget\" data-e-type=\"widget\" data-widget_type=\"icon.default\">\n\t\t\t\t<div class=\"elementor-widget-container\">\n\t\t\t\t\t\t\t<div class=\"elementor-icon-wrapper\">\n\t\t\t<div class=\"elementor-icon\">\n\t\t\t<svg xmlns=\"http:\/\/www.w3.org\/2000\/svg\" width=\"5\" height=\"5\" viewbox=\"0 0 5 5\" fill=\"none\"><circle cx=\"2.5\" cy=\"2.5\" r=\"2.5\" fill=\"#13110D\"><\/circle><\/svg>\t\t\t<\/div>\n\t\t<\/div>\n\t\t\t\t\t\t<\/div>\n\t\t\t\t<\/div>\n\t\t\t\t<\/div>\n\t\t\t\t<\/a>\n\t\t\t\t<\/div>\n\t\t\t\t<div class=\"elementor-element elementor-element-209a0d0 elementor-widget__width-initial img img-upwards elementor-widget elementor-widget-image\" data-id=\"209a0d0\" data-element_type=\"widget\" data-e-type=\"widget\" data-widget_type=\"image.default\">\n\t\t\t\t<div class=\"elementor-widget-container\">\n\t\t\t\t\t\t\t\t\t\t\t\t\t\t\t<img fetchpriority=\"high\" decoding=\"async\" width=\"1280\" height=\"1920\" src=\"https:\/\/www.arduen.com\/wp-content\/uploads\/2026\/02\/DSCF4673_j.lozay_web.jpg\" class=\"attachment-full size-full wp-image-1889\" alt=\"\" srcset=\"https:\/\/www.arduen.com\/wp-content\/uploads\/2026\/02\/DSCF4673_j.lozay_web.jpg 1280w, https:\/\/www.arduen.com\/wp-content\/uploads\/2026\/02\/DSCF4673_j.lozay_web-200x300.jpg 200w, https:\/\/www.arduen.com\/wp-content\/uploads\/2026\/02\/DSCF4673_j.lozay_web-683x1024.jpg 683w, https:\/\/www.arduen.com\/wp-content\/uploads\/2026\/02\/DSCF4673_j.lozay_web-768x1152.jpg 768w, https:\/\/www.arduen.com\/wp-content\/uploads\/2026\/02\/DSCF4673_j.lozay_web-1024x1536.jpg 1024w, https:\/\/www.arduen.com\/wp-content\/uploads\/2026\/02\/DSCF4673_j.lozay_web-8x12.jpg 8w\" sizes=\"(max-width: 1280px) 100vw, 1280px\" title=\"\">\t\t\t\t\t\t\t\t\t\t\t\t\t\t\t<\/div>\n\t\t\t\t<\/div>\n\t\t\t\t\t<\/div>\n\t\t\t\t<\/div>\n\t\t\t\t<\/div>","protected":false},"excerpt":{"rendered":"<p>Masterclass Art Nos \u00e9v\u00e9nements Cr\u00e9er au rythme de la Bretagne : une immersion artistique entre nature, inspiration et expression personnelle Au c\u0153ur de la for\u00eat de La Hardouinais, Ar Duen accueille ses Masterclass Art de 2026. Dans ce cadre apaisant, les participants explorent leur cr\u00e9ativit\u00e9, accompagn\u00e9s par des artistes inspir\u00e9s, au plus pr\u00e8s de la [&hellip;]<\/p>\n","protected":false},"author":13,"featured_media":0,"parent":332,"menu_order":0,"comment_status":"closed","ping_status":"closed","template":"","meta":{"_acf_changed":false,"inline_featured_image":false,"footnotes":""},"class_list":["post-1352","page","type-page","status-publish","hentry"],"acf":[],"_links":{"self":[{"href":"https:\/\/www.arduen.com\/en\/wp-json\/wp\/v2\/pages\/1352","targetHints":{"allow":["GET"]}}],"collection":[{"href":"https:\/\/www.arduen.com\/en\/wp-json\/wp\/v2\/pages"}],"about":[{"href":"https:\/\/www.arduen.com\/en\/wp-json\/wp\/v2\/types\/page"}],"author":[{"embeddable":true,"href":"https:\/\/www.arduen.com\/en\/wp-json\/wp\/v2\/users\/13"}],"replies":[{"embeddable":true,"href":"https:\/\/www.arduen.com\/en\/wp-json\/wp\/v2\/comments?post=1352"}],"version-history":[{"count":16,"href":"https:\/\/www.arduen.com\/en\/wp-json\/wp\/v2\/pages\/1352\/revisions"}],"predecessor-version":[{"id":2514,"href":"https:\/\/www.arduen.com\/en\/wp-json\/wp\/v2\/pages\/1352\/revisions\/2514"}],"up":[{"embeddable":true,"href":"https:\/\/www.arduen.com\/en\/wp-json\/wp\/v2\/pages\/332"}],"wp:attachment":[{"href":"https:\/\/www.arduen.com\/en\/wp-json\/wp\/v2\/media?parent=1352"}],"curies":[{"name":"wp","href":"https:\/\/api.w.org\/{rel}","templated":true}]}}