{"id":1358,"date":"2026-01-27T12:13:12","date_gmt":"2026-01-27T11:13:12","guid":{"rendered":"https:\/\/www.arduen.com\/?page_id=1358"},"modified":"2026-02-06T09:27:41","modified_gmt":"2026-02-06T08:27:41","slug":"oenology","status":"publish","type":"page","link":"https:\/\/www.arduen.com\/en\/restaurant\/oenologie\/","title":{"rendered":"Oenology"},"content":{"rendered":"<div data-elementor-type=\"wp-page\" data-elementor-id=\"1358\" class=\"elementor elementor-1358\" data-elementor-post-type=\"page\">\n\t\t\t\t<div class=\"elementor-element elementor-element-3847358 e-flex e-con-boxed e-con e-parent\" data-id=\"3847358\" data-element_type=\"container\" data-e-type=\"container\" data-settings=\"{&quot;background_background&quot;:&quot;classic&quot;}\">\n\t\t\t\t\t<div class=\"e-con-inner\">\n\t\t<div class=\"elementor-element elementor-element-0060201 e-con-full e-flex e-con e-child\" data-id=\"0060201\" data-element_type=\"container\" data-e-type=\"container\">\n\t\t\t\t<div class=\"elementor-element elementor-element-75cf32a elementor-widget elementor-widget-text-editor\" data-id=\"75cf32a\" data-element_type=\"widget\" data-e-type=\"widget\" data-widget_type=\"text-editor.default\">\n\t\t\t\t<div class=\"elementor-widget-container\">\n\t\t\t\t\t\t\t\t\t<p>Oenology<\/p>\t\t\t\t\t\t\t\t<\/div>\n\t\t\t\t<\/div>\n\t\t\t\t<div class=\"elementor-element elementor-element-d46b774 elementor-widget elementor-widget-heading\" data-id=\"d46b774\" data-element_type=\"widget\" data-e-type=\"widget\" data-widget_type=\"heading.default\">\n\t\t\t\t<div class=\"elementor-widget-container\">\n\t\t\t\t\t<h1 class=\"elementor-heading-title elementor-size-default\">Events<\/h1>\t\t\t\t<\/div>\n\t\t\t\t<\/div>\n\t\t\t\t<div class=\"elementor-element elementor-element-9ca9598 hero-arrow elementor-view-default elementor-widget elementor-widget-icon\" data-id=\"9ca9598\" data-element_type=\"widget\" data-e-type=\"widget\" data-widget_type=\"icon.default\">\n\t\t\t\t<div class=\"elementor-widget-container\">\n\t\t\t\t\t\t\t<div class=\"elementor-icon-wrapper\">\n\t\t\t<a class=\"elementor-icon\" href=\"#introduction\">\n\t\t\t<svg xmlns=\"http:\/\/www.w3.org\/2000\/svg\" width=\"15\" height=\"8\" viewbox=\"0 0 15 8\" fill=\"none\"><path d=\"M0.5 0.5L7.02174 7.02174L13.5435 0.5\" stroke=\"white\" stroke-linecap=\"round\"><\/path><\/svg>\t\t\t<\/a>\n\t\t<\/div>\n\t\t\t\t\t\t<\/div>\n\t\t\t\t<\/div>\n\t\t\t\t<\/div>\n\t\t\t\t\t<\/div>\n\t\t\t\t<\/div>\n\t\t<div class=\"elementor-element elementor-element-e3831bd e-flex e-con-boxed e-con e-parent\" data-id=\"e3831bd\" data-element_type=\"container\" data-e-type=\"container\" id=\"introduction\">\n\t\t\t\t\t<div class=\"e-con-inner\">\n\t\t<div class=\"elementor-element elementor-element-e1409d9 e-con-full e-flex e-con e-child\" data-id=\"e1409d9\" data-element_type=\"container\" data-e-type=\"container\">\n\t\t\t\t<div class=\"elementor-element elementor-element-e053efb animated-phrase elementor-widget elementor-widget-heading\" data-id=\"e053efb\" data-element_type=\"widget\" data-e-type=\"widget\" data-widget_type=\"heading.default\">\n\t\t\t\t<div class=\"elementor-widget-container\">\n\t\t\t\t\t<h2 class=\"elementor-heading-title elementor-size-default\">Evenings to discover, taste and share<\/h2>\t\t\t\t<\/div>\n\t\t\t\t<\/div>\n\t\t\t\t<\/div>\n\t\t<div class=\"elementor-element elementor-element-3ac7398 e-con-full e-flex e-con e-child\" data-id=\"3ac7398\" data-element_type=\"container\" data-e-type=\"container\">\n\t\t\t\t<div class=\"elementor-element elementor-element-6b3a01e elementor-widget elementor-widget-text-editor\" data-id=\"6b3a01e\" data-element_type=\"widget\" data-e-type=\"widget\" data-widget_type=\"text-editor.default\">\n\t\t\t\t<div class=\"elementor-widget-container\">\n\t\t\t\t\t\t\t\t\t<p>\u00c0 <strong>Ar Duen<\/strong>, oenology courses are first and foremost <strong>moments of discovery and conviviality<\/strong>, A gourmet interlude in the heart of the Breton countryside.<br \/>One Friday a month, the house invites you to explore wine in a different way: observe the color, smell the aromas, taste, compare, exchange - without jargon, with curiosity and pleasure.<\/p><p>Each evening focuses on a <strong>different theme<\/strong>, A warm and accessible atmosphere, true to the spirit of the house.<\/p><p>Whether you're a curious amateur or an enthusiast, these events are designed for <strong>gentle learning<\/strong>, share a moment together and leave with new sensations.<\/p>\t\t\t\t\t\t\t\t<\/div>\n\t\t\t\t<\/div>\n\t\t<a class=\"elementor-element elementor-element-1c75c20 e-con-full common-cta-container elementor-hidden-desktop elementor-hidden-laptop elementor-hidden-tablet_extra elementor-hidden-tablet elementor-hidden-mobile e-flex e-con e-child\" data-id=\"1c75c20\" data-element_type=\"container\" data-e-type=\"container\" href=\"#\">\n\t\t\t\t<div class=\"elementor-element elementor-element-6838df9 common-cta-text elementor-widget elementor-widget-text-editor\" data-id=\"6838df9\" data-element_type=\"widget\" data-e-type=\"widget\" data-widget_type=\"text-editor.default\">\n\t\t\t\t<div class=\"elementor-widget-container\">\n\t\t\t\t\t\t\t\t\t<p>Read more<\/p>\t\t\t\t\t\t\t\t<\/div>\n\t\t\t\t<\/div>\n\t\t<div class=\"elementor-element elementor-element-6e97013 e-con-full e-flex e-con e-child\" data-id=\"6e97013\" data-element_type=\"container\" data-e-type=\"container\">\n\t\t\t\t<div class=\"elementor-element elementor-element-ea1a2bb ellipse-1 ellipse elementor-view-default elementor-widget elementor-widget-icon\" data-id=\"ea1a2bb\" data-element_type=\"widget\" data-e-type=\"widget\" data-widget_type=\"icon.default\">\n\t\t\t\t<div class=\"elementor-widget-container\">\n\t\t\t\t\t\t\t<div class=\"elementor-icon-wrapper\">\n\t\t\t<div class=\"elementor-icon\">\n\t\t\t<svg xmlns=\"http:\/\/www.w3.org\/2000\/svg\" width=\"5\" height=\"5\" viewbox=\"0 0 5 5\" fill=\"none\"><circle cx=\"2.5\" cy=\"2.5\" r=\"2.5\" fill=\"#13110D\"><\/circle><\/svg>\t\t\t<\/div>\n\t\t<\/div>\n\t\t\t\t\t\t<\/div>\n\t\t\t\t<\/div>\n\t\t\t\t<div class=\"elementor-element elementor-element-a1fc695 ellipse-2 ellipse elementor-view-default elementor-widget elementor-widget-icon\" data-id=\"a1fc695\" data-element_type=\"widget\" data-e-type=\"widget\" data-widget_type=\"icon.default\">\n\t\t\t\t<div class=\"elementor-widget-container\">\n\t\t\t\t\t\t\t<div class=\"elementor-icon-wrapper\">\n\t\t\t<div class=\"elementor-icon\">\n\t\t\t<svg xmlns=\"http:\/\/www.w3.org\/2000\/svg\" width=\"5\" height=\"5\" viewbox=\"0 0 5 5\" fill=\"none\"><circle cx=\"2.5\" cy=\"2.5\" r=\"2.5\" fill=\"#13110D\"><\/circle><\/svg>\t\t\t<\/div>\n\t\t<\/div>\n\t\t\t\t\t\t<\/div>\n\t\t\t\t<\/div>\n\t\t\t\t<div class=\"elementor-element elementor-element-589e174 ellipse-3 ellipse elementor-view-default elementor-widget elementor-widget-icon\" data-id=\"589e174\" data-element_type=\"widget\" data-e-type=\"widget\" data-widget_type=\"icon.default\">\n\t\t\t\t<div class=\"elementor-widget-container\">\n\t\t\t\t\t\t\t<div class=\"elementor-icon-wrapper\">\n\t\t\t<div class=\"elementor-icon\">\n\t\t\t<svg xmlns=\"http:\/\/www.w3.org\/2000\/svg\" width=\"5\" height=\"5\" viewbox=\"0 0 5 5\" fill=\"none\"><circle cx=\"2.5\" cy=\"2.5\" r=\"2.5\" fill=\"#13110D\"><\/circle><\/svg>\t\t\t<\/div>\n\t\t<\/div>\n\t\t\t\t\t\t<\/div>\n\t\t\t\t<\/div>\n\t\t\t\t<\/div>\n\t\t\t\t<\/a>\n\t\t\t\t<\/div>\n\t\t\t\t\t<\/div>\n\t\t\t\t<\/div>\n\t\t<div class=\"elementor-element elementor-element-45fac02 restauration-section_rotisserie global-anim_img-upwards e-flex e-con-boxed e-con e-parent\" data-id=\"45fac02\" data-element_type=\"container\" data-e-type=\"container\">\n\t\t\t\t\t<div class=\"e-con-inner\">\n\t\t<div class=\"elementor-element elementor-element-a8adb8a e-con-full e-flex e-con e-child\" data-id=\"a8adb8a\" data-element_type=\"container\" data-e-type=\"container\">\n\t\t<div class=\"elementor-element elementor-element-e12da70 e-con-full e-flex e-con e-child\" data-id=\"e12da70\" data-element_type=\"container\" data-e-type=\"container\">\n\t\t\t\t<div class=\"elementor-element elementor-element-6606108 elementor-widget elementor-widget-heading\" data-id=\"6606108\" data-element_type=\"widget\" data-e-type=\"widget\" data-widget_type=\"heading.default\">\n\t\t\t\t<div class=\"elementor-widget-container\">\n\t\t\t\t\t<h2 class=\"elementor-heading-title elementor-size-default\">Practical information\n<\/h2>\t\t\t\t<\/div>\n\t\t\t\t<\/div>\n\t\t\t\t<\/div>\n\t\t\t\t<div class=\"elementor-element elementor-element-02cba84 global-content-width elementor-widget elementor-widget-text-editor\" data-id=\"02cba84\" data-element_type=\"widget\" data-e-type=\"widget\" data-widget_type=\"text-editor.default\">\n\t\t\t\t<div class=\"elementor-widget-container\">\n\t\t\t\t\t\t\t\t\t<p><strong>When<\/strong> ? One Friday a month - 9pm<\/p><p><strong>Rate<\/strong> 52 \u20ac \/ person<\/p><p><strong>Location<\/strong> Domaine de la Hardouinais - Le Bourg, Saint-Launeuc (22230)<\/p><p><strong>Contact<\/strong> : <a href=\"tel:+33296561459\">02 96 56 14 59<\/a> \u00b7 <a href=\"mailto:contact@arduen.com\">contact@arduen.com<\/a><\/p>\t\t\t\t\t\t\t\t<\/div>\n\t\t\t\t<\/div>\n\t\t<a class=\"elementor-element elementor-element-67ef78e e-con-full common-cta-container e-flex e-con e-child\" data-id=\"67ef78e\" data-element_type=\"container\" data-e-type=\"container\" href=\"https:\/\/www.arduen.com\/en\/bons-cadeaux\/\">\n\t\t\t\t<div class=\"elementor-element elementor-element-e89cc14 common-cta-text elementor-widget elementor-widget-text-editor\" data-id=\"e89cc14\" data-element_type=\"widget\" data-e-type=\"widget\" data-widget_type=\"text-editor.default\">\n\t\t\t\t<div class=\"elementor-widget-container\">\n\t\t\t\t\t\t\t\t\t<p>Offer an oenology course<\/p>\t\t\t\t\t\t\t\t<\/div>\n\t\t\t\t<\/div>\n\t\t<div class=\"elementor-element elementor-element-c333d77 e-con-full e-flex e-con e-child\" data-id=\"c333d77\" data-element_type=\"container\" data-e-type=\"container\">\n\t\t\t\t<div class=\"elementor-element elementor-element-894b999 ellipse-1 ellipse elementor-view-default elementor-widget elementor-widget-icon\" data-id=\"894b999\" data-element_type=\"widget\" data-e-type=\"widget\" data-widget_type=\"icon.default\">\n\t\t\t\t<div class=\"elementor-widget-container\">\n\t\t\t\t\t\t\t<div class=\"elementor-icon-wrapper\">\n\t\t\t<div class=\"elementor-icon\">\n\t\t\t<svg xmlns=\"http:\/\/www.w3.org\/2000\/svg\" width=\"5\" height=\"5\" viewbox=\"0 0 5 5\" fill=\"none\"><circle cx=\"2.5\" cy=\"2.5\" r=\"2.5\" fill=\"#13110D\"><\/circle><\/svg>\t\t\t<\/div>\n\t\t<\/div>\n\t\t\t\t\t\t<\/div>\n\t\t\t\t<\/div>\n\t\t\t\t<div class=\"elementor-element elementor-element-bf503be ellipse-2 ellipse elementor-view-default elementor-widget elementor-widget-icon\" data-id=\"bf503be\" data-element_type=\"widget\" data-e-type=\"widget\" data-widget_type=\"icon.default\">\n\t\t\t\t<div class=\"elementor-widget-container\">\n\t\t\t\t\t\t\t<div class=\"elementor-icon-wrapper\">\n\t\t\t<div class=\"elementor-icon\">\n\t\t\t<svg xmlns=\"http:\/\/www.w3.org\/2000\/svg\" width=\"5\" height=\"5\" viewbox=\"0 0 5 5\" fill=\"none\"><circle cx=\"2.5\" cy=\"2.5\" r=\"2.5\" fill=\"#13110D\"><\/circle><\/svg>\t\t\t<\/div>\n\t\t<\/div>\n\t\t\t\t\t\t<\/div>\n\t\t\t\t<\/div>\n\t\t\t\t<div class=\"elementor-element elementor-element-d07f4ac ellipse-3 ellipse elementor-view-default elementor-widget elementor-widget-icon\" data-id=\"d07f4ac\" data-element_type=\"widget\" data-e-type=\"widget\" data-widget_type=\"icon.default\">\n\t\t\t\t<div class=\"elementor-widget-container\">\n\t\t\t\t\t\t\t<div class=\"elementor-icon-wrapper\">\n\t\t\t<div class=\"elementor-icon\">\n\t\t\t<svg xmlns=\"http:\/\/www.w3.org\/2000\/svg\" width=\"5\" height=\"5\" viewbox=\"0 0 5 5\" fill=\"none\"><circle cx=\"2.5\" cy=\"2.5\" r=\"2.5\" fill=\"#13110D\"><\/circle><\/svg>\t\t\t<\/div>\n\t\t<\/div>\n\t\t\t\t\t\t<\/div>\n\t\t\t\t<\/div>\n\t\t\t\t<\/div>\n\t\t\t\t<\/a>\n\t\t\t\t<\/div>\n\t\t\t\t<div class=\"elementor-element elementor-element-793ed03 elementor-widget__width-initial img img-upwards elementor-widget elementor-widget-image\" data-id=\"793ed03\" data-element_type=\"widget\" data-e-type=\"widget\" data-widget_type=\"image.default\">\n\t\t\t\t<div class=\"elementor-widget-container\">\n\t\t\t\t\t\t\t\t\t\t\t\t\t\t\t<img fetchpriority=\"high\" decoding=\"async\" width=\"1920\" height=\"1280\" src=\"https:\/\/www.arduen.com\/wp-content\/uploads\/2026\/02\/DSCF4605_j.lozay_web.jpg\" class=\"attachment-full size-full wp-image-1837\" alt=\"\" srcset=\"https:\/\/www.arduen.com\/wp-content\/uploads\/2026\/02\/DSCF4605_j.lozay_web.jpg 1920w, https:\/\/www.arduen.com\/wp-content\/uploads\/2026\/02\/DSCF4605_j.lozay_web-300x200.jpg 300w, https:\/\/www.arduen.com\/wp-content\/uploads\/2026\/02\/DSCF4605_j.lozay_web-1024x683.jpg 1024w, https:\/\/www.arduen.com\/wp-content\/uploads\/2026\/02\/DSCF4605_j.lozay_web-768x512.jpg 768w, https:\/\/www.arduen.com\/wp-content\/uploads\/2026\/02\/DSCF4605_j.lozay_web-1536x1024.jpg 1536w, https:\/\/www.arduen.com\/wp-content\/uploads\/2026\/02\/DSCF4605_j.lozay_web-18x12.jpg 18w\" sizes=\"(max-width: 1920px) 100vw, 1920px\" title=\"\">\t\t\t\t\t\t\t\t\t\t\t\t\t\t\t<\/div>\n\t\t\t\t<\/div>\n\t\t\t\t\t<\/div>\n\t\t\t\t<\/div>\n\t\t<div class=\"elementor-element elementor-element-81531c6 restauration-section_creperie global-anim_img-upwards e-flex e-con-boxed e-con e-parent\" data-id=\"81531c6\" data-element_type=\"container\" data-e-type=\"container\">\n\t\t\t\t\t<div class=\"e-con-inner\">\n\t\t\t\t<div class=\"elementor-element elementor-element-7bbd483 elementor-widget__width-initial img img-upwards elementor-widget elementor-widget-image\" data-id=\"7bbd483\" data-element_type=\"widget\" data-e-type=\"widget\" data-widget_type=\"image.default\">\n\t\t\t\t<div class=\"elementor-widget-container\">\n\t\t\t\t\t\t\t\t\t\t\t\t\t\t\t<img decoding=\"async\" width=\"1920\" height=\"1280\" src=\"https:\/\/www.arduen.com\/wp-content\/uploads\/2026\/02\/DSCF4614_j.lozay_web.jpg\" class=\"attachment-full size-full wp-image-1839\" alt=\"\" srcset=\"https:\/\/www.arduen.com\/wp-content\/uploads\/2026\/02\/DSCF4614_j.lozay_web.jpg 1920w, https:\/\/www.arduen.com\/wp-content\/uploads\/2026\/02\/DSCF4614_j.lozay_web-300x200.jpg 300w, https:\/\/www.arduen.com\/wp-content\/uploads\/2026\/02\/DSCF4614_j.lozay_web-1024x683.jpg 1024w, https:\/\/www.arduen.com\/wp-content\/uploads\/2026\/02\/DSCF4614_j.lozay_web-768x512.jpg 768w, https:\/\/www.arduen.com\/wp-content\/uploads\/2026\/02\/DSCF4614_j.lozay_web-1536x1024.jpg 1536w, https:\/\/www.arduen.com\/wp-content\/uploads\/2026\/02\/DSCF4614_j.lozay_web-18x12.jpg 18w\" sizes=\"(max-width: 1920px) 100vw, 1920px\" title=\"\">\t\t\t\t\t\t\t\t\t\t\t\t\t\t\t<\/div>\n\t\t\t\t<\/div>\n\t\t<div class=\"elementor-element elementor-element-a92dfe9 e-con-full e-flex e-con e-child\" data-id=\"a92dfe9\" data-element_type=\"container\" data-e-type=\"container\">\n\t\t<div class=\"elementor-element elementor-element-6dc4568 e-con-full e-flex e-con e-child\" data-id=\"6dc4568\" data-element_type=\"container\" data-e-type=\"container\">\n\t\t\t\t<div class=\"elementor-element elementor-element-0c08f6e elementor-widget elementor-widget-heading\" data-id=\"0c08f6e\" data-element_type=\"widget\" data-e-type=\"widget\" data-widget_type=\"heading.default\">\n\t\t\t\t<div class=\"elementor-widget-container\">\n\t\t\t\t\t<h2 class=\"elementor-heading-title elementor-size-default\">Upcoming dates <\/br>\n&amp; themes<\/h2>\t\t\t\t<\/div>\n\t\t\t\t<\/div>\n\t\t\t\t<\/div>\n\t\t\t\t<div class=\"elementor-element elementor-element-c50f263 global-content-width elementor-widget elementor-widget-text-editor\" data-id=\"c50f263\" data-element_type=\"widget\" data-e-type=\"widget\" data-widget_type=\"text-editor.default\">\n\t\t\t\t<div class=\"elementor-widget-container\">\n\t\t\t\t\t\t\t\t\t<p><strong>06.02 - White grape varieties in the spotlight<\/strong><br \/>Characteristic whites<\/p><p><strong>13.03 - Carte blanche<\/strong><br \/>Brasserie des Alchimistes Ivres - Soir\u00e9e 100 % beer<\/p><p><strong>10.04 - Immersive experience<\/strong><br \/>Mystery tasting<\/p><p><strong>22.05 - Emblematic land<\/strong><br \/>100 % Northern Rh\u00f4ne Valley<\/p><p><strong>26.06 - Festive closing<\/strong><br \/>Champagne vs. Burgundy<\/p>\t\t\t\t\t\t\t\t<\/div>\n\t\t\t\t<\/div>\n\t\t\t\t<\/div>\n\t\t\t\t\t<\/div>\n\t\t\t\t<\/div>\n\t\t\t\t<\/div>","protected":false},"excerpt":{"rendered":"<p>\u0152nologie \u00c9v\u00e9nements Des soir\u00e9es pour d\u00e9couvrir, go\u00fbter et partager \u00c0 Ar Duen, les cours d\u2019\u0153nologie sont avant tout des moments de d\u00e9couverte et de convivialit\u00e9, \u00e0 vivre comme une parenth\u00e8se gourmande au c\u0153ur de la campagne bretonne.Un vendredi par mois, la maison vous invite \u00e0 explorer le vin autrement : observer la robe, sentir les [&hellip;]<\/p>\n","protected":false},"author":13,"featured_media":0,"parent":239,"menu_order":0,"comment_status":"closed","ping_status":"closed","template":"","meta":{"_acf_changed":false,"inline_featured_image":false,"footnotes":""},"class_list":["post-1358","page","type-page","status-publish","hentry"],"acf":[],"_links":{"self":[{"href":"https:\/\/www.arduen.com\/en\/wp-json\/wp\/v2\/pages\/1358","targetHints":{"allow":["GET"]}}],"collection":[{"href":"https:\/\/www.arduen.com\/en\/wp-json\/wp\/v2\/pages"}],"about":[{"href":"https:\/\/www.arduen.com\/en\/wp-json\/wp\/v2\/types\/page"}],"author":[{"embeddable":true,"href":"https:\/\/www.arduen.com\/en\/wp-json\/wp\/v2\/users\/13"}],"replies":[{"embeddable":true,"href":"https:\/\/www.arduen.com\/en\/wp-json\/wp\/v2\/comments?post=1358"}],"version-history":[{"count":35,"href":"https:\/\/www.arduen.com\/en\/wp-json\/wp\/v2\/pages\/1358\/revisions"}],"predecessor-version":[{"id":2531,"href":"https:\/\/www.arduen.com\/en\/wp-json\/wp\/v2\/pages\/1358\/revisions\/2531"}],"up":[{"embeddable":true,"href":"https:\/\/www.arduen.com\/en\/wp-json\/wp\/v2\/pages\/239"}],"wp:attachment":[{"href":"https:\/\/www.arduen.com\/en\/wp-json\/wp\/v2\/media?parent=1358"}],"curies":[{"name":"wp","href":"https:\/\/api.w.org\/{rel}","templated":true}]}}