{"id":257,"date":"2026-01-13T10:35:35","date_gmt":"2026-01-13T09:35:35","guid":{"rendered":"https:\/\/www.arduen.com\/?page_id=257"},"modified":"2026-02-26T17:18:42","modified_gmt":"2026-02-26T16:18:42","slug":"tourism","status":"publish","type":"page","link":"https:\/\/www.arduen.com\/en\/tourisme\/","title":{"rendered":"Tourism"},"content":{"rendered":"<div data-elementor-type=\"wp-page\" data-elementor-id=\"257\" class=\"elementor elementor-257\" data-elementor-post-type=\"page\">\n\t\t\t\t<div class=\"elementor-element elementor-element-9f88e4d e-flex e-con-boxed e-con e-parent\" data-id=\"9f88e4d\" data-element_type=\"container\" data-e-type=\"container\" data-settings=\"{&quot;background_background&quot;:&quot;classic&quot;}\">\n\t\t\t\t\t<div class=\"e-con-inner\">\n\t\t<div class=\"elementor-element elementor-element-0e433d0 e-con-full e-flex e-con e-child\" data-id=\"0e433d0\" data-element_type=\"container\" data-e-type=\"container\">\n\t\t\t\t<div class=\"elementor-element elementor-element-a89ffb9 elementor-widget elementor-widget-text-editor\" data-id=\"a89ffb9\" data-element_type=\"widget\" data-e-type=\"widget\" data-widget_type=\"text-editor.default\">\n\t\t\t\t<div class=\"elementor-widget-container\">\n\t\t\t\t\t\t\t\t\t<p>Saint Launeuc destination<\/p>\t\t\t\t\t\t\t\t<\/div>\n\t\t\t\t<\/div>\n\t\t\t\t<div class=\"elementor-element elementor-element-850d69e elementor-widget elementor-widget-heading\" data-id=\"850d69e\" data-element_type=\"widget\" data-e-type=\"widget\" data-widget_type=\"heading.default\">\n\t\t\t\t<div class=\"elementor-widget-container\">\n\t\t\t\t\t<h1 class=\"elementor-heading-title elementor-size-default\">What to do in C\u00f4tes-d'Armor?<\/h1>\t\t\t\t<\/div>\n\t\t\t\t<\/div>\n\t\t\t\t<div class=\"elementor-element elementor-element-f54d3fb hero-arrow elementor-view-default elementor-widget elementor-widget-icon\" data-id=\"f54d3fb\" data-element_type=\"widget\" data-e-type=\"widget\" data-widget_type=\"icon.default\">\n\t\t\t\t<div class=\"elementor-widget-container\">\n\t\t\t\t\t\t\t<div class=\"elementor-icon-wrapper\">\n\t\t\t<a class=\"elementor-icon\" href=\"#introduction\">\n\t\t\t<svg xmlns=\"http:\/\/www.w3.org\/2000\/svg\" width=\"15\" height=\"8\" viewbox=\"0 0 15 8\" fill=\"none\"><path d=\"M0.5 0.5L7.02174 7.02174L13.5435 0.5\" stroke=\"white\" stroke-linecap=\"round\"><\/path><\/svg>\t\t\t<\/a>\n\t\t<\/div>\n\t\t\t\t\t\t<\/div>\n\t\t\t\t<\/div>\n\t\t\t\t<\/div>\n\t\t\t\t\t<\/div>\n\t\t\t\t<\/div>\n\t\t<div class=\"elementor-element elementor-element-43b7287 e-flex e-con-boxed e-con e-parent\" data-id=\"43b7287\" data-element_type=\"container\" data-e-type=\"container\" id=\"introduction\">\n\t\t\t\t\t<div class=\"e-con-inner\">\n\t\t<div class=\"elementor-element elementor-element-5a42172 e-con-full e-flex e-con e-child\" data-id=\"5a42172\" data-element_type=\"container\" data-e-type=\"container\">\n\t\t\t\t<div class=\"elementor-element elementor-element-6a48502 animated-phrase elementor-widget elementor-widget-heading\" data-id=\"6a48502\" data-element_type=\"widget\" data-e-type=\"widget\" data-widget_type=\"heading.default\">\n\t\t\t\t<div class=\"elementor-widget-container\">\n\t\t\t\t\t<h2 class=\"elementor-heading-title elementor-size-default\">What to do in C\u00f4tes-d'Armor: nature, culture and escape<\/h2>\t\t\t\t<\/div>\n\t\t\t\t<\/div>\n\t\t\t\t<\/div>\n\t\t<div class=\"elementor-element elementor-element-c55f372 e-con-full e-flex e-con e-child\" data-id=\"c55f372\" data-element_type=\"container\" data-e-type=\"container\">\n\t\t\t\t<div class=\"elementor-element elementor-element-cbcaf42 elementor-widget elementor-widget-text-editor\" data-id=\"cbcaf42\" data-element_type=\"widget\" data-e-type=\"widget\" data-widget_type=\"text-editor.default\">\n\t\t\t\t<div class=\"elementor-widget-container\">\n\t\t\t\t\t\t\t\t\t<p>In the heart of the C\u00f4tes-d'Armor region, Saint-Launeuc is an invitation to discover. With its majestic forests, peaceful ponds and picturesque villages, the area offers a wealth of experiences. Hiking, horse-riding, fishing, Breton heritage or gourmet escapades... here, each day reveals a new facet of Brittany, authentic and unspoilt.<\/p>\t\t\t\t\t\t\t\t<\/div>\n\t\t\t\t<\/div>\n\t\t\t\t<\/div>\n\t\t\t\t\t<\/div>\n\t\t\t\t<\/div>\n\t\t<div class=\"elementor-element elementor-element-8b1eee6 domaine-section_activites elementor-hidden-laptop elementor-hidden-tablet_extra elementor-hidden-tablet elementor-hidden-mobile e-flex e-con-boxed e-con e-parent\" data-id=\"8b1eee6\" data-element_type=\"container\" data-e-type=\"container\">\n\t\t\t\t\t<div class=\"e-con-inner\">\n\t\t<div class=\"elementor-element elementor-element-cca2f58 e-con-full e-flex e-con e-child\" data-id=\"cca2f58\" data-element_type=\"container\" data-e-type=\"container\">\n\t\t\t\t<div class=\"elementor-element elementor-element-6d6a4f6 elementor-widget elementor-widget-heading\" data-id=\"6d6a4f6\" data-element_type=\"widget\" data-e-type=\"widget\" data-widget_type=\"heading.default\">\n\t\t\t\t<div class=\"elementor-widget-container\">\n\t\t\t\t\t<span class=\"elementor-heading-title elementor-size-default\">Discover the destination<\/span>\t\t\t\t<\/div>\n\t\t\t\t<\/div>\n\t\t\t\t<div class=\"elementor-element elementor-element-ee6e151 elementor-widget elementor-widget-heading\" data-id=\"ee6e151\" data-element_type=\"widget\" data-e-type=\"widget\" data-widget_type=\"heading.default\">\n\t\t\t\t<div class=\"elementor-widget-container\">\n\t\t\t\t\t<h2 class=\"elementor-heading-title elementor-size-default\">SAint Launeuc<\/h2>\t\t\t\t<\/div>\n\t\t\t\t<\/div>\n\t\t\t\t<\/div>\n\t\t<div class=\"elementor-element elementor-element-9636bb8 e-grid e-con-full activites-grille elementor-hidden-desktop elementor-hidden-laptop elementor-hidden-tablet_extra elementor-hidden-tablet elementor-hidden-mobile e-con e-child\" data-id=\"9636bb8\" data-element_type=\"container\" data-e-type=\"container\">\n\t\t<div class=\"elementor-element elementor-element-1e9b82e e-con-full activite-item e-flex e-con e-child\" data-id=\"1e9b82e\" data-element_type=\"container\" data-e-type=\"container\" data-settings=\"{&quot;background_background&quot;:&quot;classic&quot;}\">\n\t\t\t\t<div class=\"elementor-element elementor-element-0e0920e elementor-widget elementor-widget-heading\" data-id=\"0e0920e\" data-element_type=\"widget\" data-e-type=\"widget\" data-widget_type=\"heading.default\">\n\t\t\t\t<div class=\"elementor-widget-container\">\n\t\t\t\t\t<h2 class=\"elementor-heading-title elementor-size-default\">The Saint Launeuc forest<\/h2>\t\t\t\t<\/div>\n\t\t\t\t<\/div>\n\t\t<div class=\"elementor-element elementor-element-521dc33 e-con-full wrapper-txt-hover e-flex e-con e-child\" data-id=\"521dc33\" data-element_type=\"container\" data-e-type=\"container\">\n\t\t\t\t<div class=\"elementor-element elementor-element-82ee308 elementor-widget__width-initial elementor-widget elementor-widget-text-editor\" data-id=\"82ee308\" data-element_type=\"widget\" data-e-type=\"widget\" data-widget_type=\"text-editor.default\">\n\t\t\t\t<div class=\"elementor-widget-container\">\n\t\t\t\t\t\t\t\t\t<p>Lorem ipsum<\/p>\t\t\t\t\t\t\t\t<\/div>\n\t\t\t\t<\/div>\n\t\t<a class=\"elementor-element elementor-element-db51189 e-con-full common-cta-container e-flex e-con e-child\" data-id=\"db51189\" data-element_type=\"container\" data-e-type=\"container\" href=\"https:\/\/www.arduen.com\/en\/le-domaine\/le-glacier\/\">\n\t\t\t\t<div class=\"elementor-element elementor-element-099b211 common-cta-text elementor-widget elementor-widget-text-editor\" data-id=\"099b211\" data-element_type=\"widget\" data-e-type=\"widget\" data-widget_type=\"text-editor.default\">\n\t\t\t\t<div class=\"elementor-widget-container\">\n\t\t\t\t\t\t\t\t\t<p>Discover<\/p>\t\t\t\t\t\t\t\t<\/div>\n\t\t\t\t<\/div>\n\t\t<div class=\"elementor-element elementor-element-94d9074 e-con-full e-flex e-con e-child\" data-id=\"94d9074\" data-element_type=\"container\" data-e-type=\"container\">\n\t\t\t\t<div class=\"elementor-element elementor-element-aa3ba1b ellipse-1 ellipse elementor-view-default elementor-widget elementor-widget-icon\" data-id=\"aa3ba1b\" data-element_type=\"widget\" data-e-type=\"widget\" data-widget_type=\"icon.default\">\n\t\t\t\t<div class=\"elementor-widget-container\">\n\t\t\t\t\t\t\t<div class=\"elementor-icon-wrapper\">\n\t\t\t<div class=\"elementor-icon\">\n\t\t\t<svg xmlns=\"http:\/\/www.w3.org\/2000\/svg\" width=\"5\" height=\"5\" viewbox=\"0 0 5 5\" fill=\"none\"><circle cx=\"2.5\" cy=\"2.5\" r=\"2.5\" fill=\"white\"><\/circle><\/svg>\t\t\t<\/div>\n\t\t<\/div>\n\t\t\t\t\t\t<\/div>\n\t\t\t\t<\/div>\n\t\t\t\t<div class=\"elementor-element elementor-element-97419b0 ellipse-2 ellipse elementor-view-default elementor-widget elementor-widget-icon\" data-id=\"97419b0\" data-element_type=\"widget\" data-e-type=\"widget\" data-widget_type=\"icon.default\">\n\t\t\t\t<div class=\"elementor-widget-container\">\n\t\t\t\t\t\t\t<div class=\"elementor-icon-wrapper\">\n\t\t\t<div class=\"elementor-icon\">\n\t\t\t<svg xmlns=\"http:\/\/www.w3.org\/2000\/svg\" width=\"5\" height=\"5\" viewbox=\"0 0 5 5\" fill=\"none\"><circle cx=\"2.5\" cy=\"2.5\" r=\"2.5\" fill=\"white\"><\/circle><\/svg>\t\t\t<\/div>\n\t\t<\/div>\n\t\t\t\t\t\t<\/div>\n\t\t\t\t<\/div>\n\t\t\t\t<div class=\"elementor-element elementor-element-aa63836 ellipse-3 ellipse elementor-view-default elementor-widget elementor-widget-icon\" data-id=\"aa63836\" data-element_type=\"widget\" data-e-type=\"widget\" data-widget_type=\"icon.default\">\n\t\t\t\t<div class=\"elementor-widget-container\">\n\t\t\t\t\t\t\t<div class=\"elementor-icon-wrapper\">\n\t\t\t<div class=\"elementor-icon\">\n\t\t\t<svg xmlns=\"http:\/\/www.w3.org\/2000\/svg\" width=\"5\" height=\"5\" viewbox=\"0 0 5 5\" fill=\"none\"><circle cx=\"2.5\" cy=\"2.5\" r=\"2.5\" fill=\"white\"><\/circle><\/svg>\t\t\t<\/div>\n\t\t<\/div>\n\t\t\t\t\t\t<\/div>\n\t\t\t\t<\/div>\n\t\t\t\t<\/div>\n\t\t\t\t<\/a>\n\t\t\t\t<\/div>\n\t\t\t\t<\/div>\n\t\t\t\t<\/div>\n\t\t\t\t\t<\/div>\n\t\t\t\t<\/div>\n\t\t<div class=\"elementor-element elementor-element-0ce97da e-flex e-con-boxed e-con e-parent\" data-id=\"0ce97da\" data-element_type=\"container\" data-e-type=\"container\">\n\t\t\t\t\t<div class=\"e-con-inner\">\n\t\t<div class=\"elementor-element elementor-element-741e975 e-con-full e-flex e-con e-child\" data-id=\"741e975\" data-element_type=\"container\" data-e-type=\"container\">\n\t\t<div class=\"elementor-element elementor-element-9944556 e-con-full e-flex e-con e-child\" data-id=\"9944556\" data-element_type=\"container\" data-e-type=\"container\">\n\t\t\t\t<div class=\"elementor-element elementor-element-4805564 elementor-widget elementor-widget-heading\" data-id=\"4805564\" data-element_type=\"widget\" data-e-type=\"widget\" data-widget_type=\"heading.default\">\n\t\t\t\t<div class=\"elementor-widget-container\">\n\t\t\t\t\t<span class=\"elementor-heading-title elementor-size-default\">Catering<\/span>\t\t\t\t<\/div>\n\t\t\t\t<\/div>\n\t\t<a class=\"elementor-element elementor-element-7f9f949 e-con-full common-cta-container e-flex e-con e-child\" data-id=\"7f9f949\" data-element_type=\"container\" data-e-type=\"container\" href=\"https:\/\/www.arduen.com\/en\/restaurant\/\">\n\t\t\t\t<div class=\"elementor-element elementor-element-1bfb003 common-cta-text elementor-widget elementor-widget-text-editor\" data-id=\"1bfb003\" data-element_type=\"widget\" data-e-type=\"widget\" data-widget_type=\"text-editor.default\">\n\t\t\t\t<div class=\"elementor-widget-container\">\n\t\t\t\t\t\t\t\t\t<p>Discover<\/p>\t\t\t\t\t\t\t\t<\/div>\n\t\t\t\t<\/div>\n\t\t<div class=\"elementor-element elementor-element-62cdd80 e-con-full e-flex e-con e-child\" data-id=\"62cdd80\" data-element_type=\"container\" data-e-type=\"container\">\n\t\t\t\t<div class=\"elementor-element elementor-element-2bf83aa ellipse-1 ellipse elementor-view-default elementor-widget elementor-widget-icon\" data-id=\"2bf83aa\" data-element_type=\"widget\" data-e-type=\"widget\" data-widget_type=\"icon.default\">\n\t\t\t\t<div class=\"elementor-widget-container\">\n\t\t\t\t\t\t\t<div class=\"elementor-icon-wrapper\">\n\t\t\t<div class=\"elementor-icon\">\n\t\t\t<svg xmlns=\"http:\/\/www.w3.org\/2000\/svg\" width=\"5\" height=\"5\" viewbox=\"0 0 5 5\" fill=\"none\"><circle cx=\"2.5\" cy=\"2.5\" r=\"2.5\" fill=\"#13110D\"><\/circle><\/svg>\t\t\t<\/div>\n\t\t<\/div>\n\t\t\t\t\t\t<\/div>\n\t\t\t\t<\/div>\n\t\t\t\t<div class=\"elementor-element elementor-element-dd3c7c2 ellipse-2 ellipse elementor-view-default elementor-widget elementor-widget-icon\" data-id=\"dd3c7c2\" data-element_type=\"widget\" data-e-type=\"widget\" data-widget_type=\"icon.default\">\n\t\t\t\t<div class=\"elementor-widget-container\">\n\t\t\t\t\t\t\t<div class=\"elementor-icon-wrapper\">\n\t\t\t<div class=\"elementor-icon\">\n\t\t\t<svg xmlns=\"http:\/\/www.w3.org\/2000\/svg\" width=\"5\" height=\"5\" viewbox=\"0 0 5 5\" fill=\"none\"><circle cx=\"2.5\" cy=\"2.5\" r=\"2.5\" fill=\"#13110D\"><\/circle><\/svg>\t\t\t<\/div>\n\t\t<\/div>\n\t\t\t\t\t\t<\/div>\n\t\t\t\t<\/div>\n\t\t\t\t<div class=\"elementor-element elementor-element-7d052de ellipse-3 ellipse elementor-view-default elementor-widget elementor-widget-icon\" data-id=\"7d052de\" data-element_type=\"widget\" data-e-type=\"widget\" data-widget_type=\"icon.default\">\n\t\t\t\t<div class=\"elementor-widget-container\">\n\t\t\t\t\t\t\t<div class=\"elementor-icon-wrapper\">\n\t\t\t<div class=\"elementor-icon\">\n\t\t\t<svg xmlns=\"http:\/\/www.w3.org\/2000\/svg\" width=\"5\" height=\"5\" viewbox=\"0 0 5 5\" fill=\"none\"><circle cx=\"2.5\" cy=\"2.5\" r=\"2.5\" fill=\"#13110D\"><\/circle><\/svg>\t\t\t<\/div>\n\t\t<\/div>\n\t\t\t\t\t\t<\/div>\n\t\t\t\t<\/div>\n\t\t\t\t<\/div>\n\t\t\t\t<\/a>\n\t\t\t\t<\/div>\n\t\t\t\t<div class=\"elementor-element elementor-element-b725e7c elementor-widget__width-initial elementor-widget-mobile__width-initial elementor-widget elementor-widget-image\" data-id=\"b725e7c\" data-element_type=\"widget\" data-e-type=\"widget\" data-widget_type=\"image.default\">\n\t\t\t\t<div class=\"elementor-widget-container\">\n\t\t\t\t\t\t\t\t\t\t\t\t\t\t\t<img fetchpriority=\"high\" decoding=\"async\" width=\"1280\" height=\"1920\" src=\"https:\/\/www.arduen.com\/wp-content\/uploads\/2026\/01\/DSCF4500_j.lozay_web.jpg\" class=\"attachment-full size-full wp-image-1751\" alt=\"\" srcset=\"https:\/\/www.arduen.com\/wp-content\/uploads\/2026\/01\/DSCF4500_j.lozay_web.jpg 1280w, https:\/\/www.arduen.com\/wp-content\/uploads\/2026\/01\/DSCF4500_j.lozay_web-200x300.jpg 200w, https:\/\/www.arduen.com\/wp-content\/uploads\/2026\/01\/DSCF4500_j.lozay_web-683x1024.jpg 683w, https:\/\/www.arduen.com\/wp-content\/uploads\/2026\/01\/DSCF4500_j.lozay_web-768x1152.jpg 768w, https:\/\/www.arduen.com\/wp-content\/uploads\/2026\/01\/DSCF4500_j.lozay_web-1024x1536.jpg 1024w, https:\/\/www.arduen.com\/wp-content\/uploads\/2026\/01\/DSCF4500_j.lozay_web-8x12.jpg 8w\" sizes=\"(max-width: 1280px) 100vw, 1280px\" title=\"\">\t\t\t\t\t\t\t\t\t\t\t\t\t\t\t<\/div>\n\t\t\t\t<\/div>\n\t\t\t\t<\/div>\n\t\t<div class=\"elementor-element elementor-element-9c70fa3 e-con-full e-flex e-con e-child\" data-id=\"9c70fa3\" data-element_type=\"container\" data-e-type=\"container\">\n\t\t\t\t<div class=\"elementor-element elementor-element-db0b11f elementor-widget__width-initial elementor-widget elementor-widget-image\" data-id=\"db0b11f\" data-element_type=\"widget\" data-e-type=\"widget\" data-widget_type=\"image.default\">\n\t\t\t\t<div class=\"elementor-widget-container\">\n\t\t\t\t\t\t\t\t\t\t\t\t\t\t\t<img decoding=\"async\" width=\"1100\" height=\"1649\" src=\"https:\/\/www.arduen.com\/wp-content\/uploads\/2026\/01\/ar_duen-seminaires_interieur.jpg\" class=\"attachment-full size-full wp-image-818\" alt=\"\" srcset=\"https:\/\/www.arduen.com\/wp-content\/uploads\/2026\/01\/ar_duen-seminaires_interieur.jpg 1100w, https:\/\/www.arduen.com\/wp-content\/uploads\/2026\/01\/ar_duen-seminaires_interieur-200x300.jpg 200w, https:\/\/www.arduen.com\/wp-content\/uploads\/2026\/01\/ar_duen-seminaires_interieur-683x1024.jpg 683w, https:\/\/www.arduen.com\/wp-content\/uploads\/2026\/01\/ar_duen-seminaires_interieur-768x1151.jpg 768w, https:\/\/www.arduen.com\/wp-content\/uploads\/2026\/01\/ar_duen-seminaires_interieur-1025x1536.jpg 1025w, https:\/\/www.arduen.com\/wp-content\/uploads\/2026\/01\/ar_duen-seminaires_interieur-8x12.jpg 8w\" sizes=\"(max-width: 1100px) 100vw, 1100px\" title=\"\">\t\t\t\t\t\t\t\t\t\t\t\t\t\t\t<\/div>\n\t\t\t\t<\/div>\n\t\t<div class=\"elementor-element elementor-element-49acbc1 e-con-full e-flex e-con e-child\" data-id=\"49acbc1\" data-element_type=\"container\" data-e-type=\"container\">\n\t\t\t\t<div class=\"elementor-element elementor-element-a1576aa elementor-widget elementor-widget-heading\" data-id=\"a1576aa\" data-element_type=\"widget\" data-e-type=\"widget\" data-widget_type=\"heading.default\">\n\t\t\t\t<div class=\"elementor-widget-container\">\n\t\t\t\t\t<span class=\"elementor-heading-title elementor-size-default\">Seminars<\/span>\t\t\t\t<\/div>\n\t\t\t\t<\/div>\n\t\t<a class=\"elementor-element elementor-element-9056049 e-con-full common-cta-container e-flex e-con e-child\" data-id=\"9056049\" data-element_type=\"container\" data-e-type=\"container\" href=\"https:\/\/www.arduen.com\/en\/seminaire\/\">\n\t\t\t\t<div class=\"elementor-element elementor-element-c00ae59 common-cta-text elementor-widget elementor-widget-text-editor\" data-id=\"c00ae59\" data-element_type=\"widget\" data-e-type=\"widget\" data-widget_type=\"text-editor.default\">\n\t\t\t\t<div class=\"elementor-widget-container\">\n\t\t\t\t\t\t\t\t\t<p>Discover<\/p>\t\t\t\t\t\t\t\t<\/div>\n\t\t\t\t<\/div>\n\t\t<div class=\"elementor-element elementor-element-cd885bc e-con-full e-flex e-con e-child\" data-id=\"cd885bc\" data-element_type=\"container\" data-e-type=\"container\">\n\t\t\t\t<div class=\"elementor-element elementor-element-2a9182c ellipse-1 ellipse elementor-view-default elementor-widget elementor-widget-icon\" data-id=\"2a9182c\" data-element_type=\"widget\" data-e-type=\"widget\" data-widget_type=\"icon.default\">\n\t\t\t\t<div class=\"elementor-widget-container\">\n\t\t\t\t\t\t\t<div class=\"elementor-icon-wrapper\">\n\t\t\t<div class=\"elementor-icon\">\n\t\t\t<svg xmlns=\"http:\/\/www.w3.org\/2000\/svg\" width=\"5\" height=\"5\" viewbox=\"0 0 5 5\" fill=\"none\"><circle cx=\"2.5\" cy=\"2.5\" r=\"2.5\" fill=\"#13110D\"><\/circle><\/svg>\t\t\t<\/div>\n\t\t<\/div>\n\t\t\t\t\t\t<\/div>\n\t\t\t\t<\/div>\n\t\t\t\t<div class=\"elementor-element elementor-element-08c2a77 ellipse-2 ellipse elementor-view-default elementor-widget elementor-widget-icon\" data-id=\"08c2a77\" data-element_type=\"widget\" data-e-type=\"widget\" data-widget_type=\"icon.default\">\n\t\t\t\t<div class=\"elementor-widget-container\">\n\t\t\t\t\t\t\t<div class=\"elementor-icon-wrapper\">\n\t\t\t<div class=\"elementor-icon\">\n\t\t\t<svg xmlns=\"http:\/\/www.w3.org\/2000\/svg\" width=\"5\" height=\"5\" viewbox=\"0 0 5 5\" fill=\"none\"><circle cx=\"2.5\" cy=\"2.5\" r=\"2.5\" fill=\"#13110D\"><\/circle><\/svg>\t\t\t<\/div>\n\t\t<\/div>\n\t\t\t\t\t\t<\/div>\n\t\t\t\t<\/div>\n\t\t\t\t<div class=\"elementor-element elementor-element-853dc8c ellipse-3 ellipse elementor-view-default elementor-widget elementor-widget-icon\" data-id=\"853dc8c\" data-element_type=\"widget\" data-e-type=\"widget\" data-widget_type=\"icon.default\">\n\t\t\t\t<div class=\"elementor-widget-container\">\n\t\t\t\t\t\t\t<div class=\"elementor-icon-wrapper\">\n\t\t\t<div class=\"elementor-icon\">\n\t\t\t<svg xmlns=\"http:\/\/www.w3.org\/2000\/svg\" width=\"5\" height=\"5\" viewbox=\"0 0 5 5\" fill=\"none\"><circle cx=\"2.5\" cy=\"2.5\" r=\"2.5\" fill=\"#13110D\"><\/circle><\/svg>\t\t\t<\/div>\n\t\t<\/div>\n\t\t\t\t\t\t<\/div>\n\t\t\t\t<\/div>\n\t\t\t\t<\/div>\n\t\t\t\t<\/a>\n\t\t\t\t<\/div>\n\t\t\t\t<\/div>\n\t\t<div class=\"elementor-element elementor-element-bf2d516 e-con-full e-flex e-con e-child\" data-id=\"bf2d516\" data-element_type=\"container\" data-e-type=\"container\">\n\t\t<div class=\"elementor-element elementor-element-9f109e3 e-con-full e-flex e-con e-child\" data-id=\"9f109e3\" data-element_type=\"container\" data-e-type=\"container\">\n\t\t\t\t<div class=\"elementor-element elementor-element-f451135 elementor-widget elementor-widget-heading\" data-id=\"f451135\" data-element_type=\"widget\" data-e-type=\"widget\" data-widget_type=\"heading.default\">\n\t\t\t\t<div class=\"elementor-widget-container\">\n\t\t\t\t\t<span class=\"elementor-heading-title elementor-size-default\">Rooms<\/span>\t\t\t\t<\/div>\n\t\t\t\t<\/div>\n\t\t<a class=\"elementor-element elementor-element-d3932f0 e-con-full common-cta-container e-flex e-con e-child\" data-id=\"d3932f0\" data-element_type=\"container\" data-e-type=\"container\" href=\"https:\/\/www.arduen.com\/en\/chambres\/\">\n\t\t\t\t<div class=\"elementor-element elementor-element-2be0817 common-cta-text elementor-widget elementor-widget-text-editor\" data-id=\"2be0817\" data-element_type=\"widget\" data-e-type=\"widget\" data-widget_type=\"text-editor.default\">\n\t\t\t\t<div class=\"elementor-widget-container\">\n\t\t\t\t\t\t\t\t\t<p>Discover<\/p>\t\t\t\t\t\t\t\t<\/div>\n\t\t\t\t<\/div>\n\t\t<div class=\"elementor-element elementor-element-f094d33 e-con-full e-flex e-con e-child\" data-id=\"f094d33\" data-element_type=\"container\" data-e-type=\"container\">\n\t\t\t\t<div class=\"elementor-element elementor-element-f354ef6 ellipse-1 ellipse elementor-view-default elementor-widget elementor-widget-icon\" data-id=\"f354ef6\" data-element_type=\"widget\" data-e-type=\"widget\" data-widget_type=\"icon.default\">\n\t\t\t\t<div class=\"elementor-widget-container\">\n\t\t\t\t\t\t\t<div class=\"elementor-icon-wrapper\">\n\t\t\t<div class=\"elementor-icon\">\n\t\t\t<svg xmlns=\"http:\/\/www.w3.org\/2000\/svg\" width=\"5\" height=\"5\" viewbox=\"0 0 5 5\" fill=\"none\"><circle cx=\"2.5\" cy=\"2.5\" r=\"2.5\" fill=\"#13110D\"><\/circle><\/svg>\t\t\t<\/div>\n\t\t<\/div>\n\t\t\t\t\t\t<\/div>\n\t\t\t\t<\/div>\n\t\t\t\t<div class=\"elementor-element elementor-element-37766fa ellipse-2 ellipse elementor-view-default elementor-widget elementor-widget-icon\" data-id=\"37766fa\" data-element_type=\"widget\" data-e-type=\"widget\" data-widget_type=\"icon.default\">\n\t\t\t\t<div class=\"elementor-widget-container\">\n\t\t\t\t\t\t\t<div class=\"elementor-icon-wrapper\">\n\t\t\t<div class=\"elementor-icon\">\n\t\t\t<svg xmlns=\"http:\/\/www.w3.org\/2000\/svg\" width=\"5\" height=\"5\" viewbox=\"0 0 5 5\" fill=\"none\"><circle cx=\"2.5\" cy=\"2.5\" r=\"2.5\" fill=\"#13110D\"><\/circle><\/svg>\t\t\t<\/div>\n\t\t<\/div>\n\t\t\t\t\t\t<\/div>\n\t\t\t\t<\/div>\n\t\t\t\t<div class=\"elementor-element elementor-element-9586305 ellipse-3 ellipse elementor-view-default elementor-widget elementor-widget-icon\" data-id=\"9586305\" data-element_type=\"widget\" data-e-type=\"widget\" data-widget_type=\"icon.default\">\n\t\t\t\t<div class=\"elementor-widget-container\">\n\t\t\t\t\t\t\t<div class=\"elementor-icon-wrapper\">\n\t\t\t<div class=\"elementor-icon\">\n\t\t\t<svg xmlns=\"http:\/\/www.w3.org\/2000\/svg\" width=\"5\" height=\"5\" viewbox=\"0 0 5 5\" fill=\"none\"><circle cx=\"2.5\" cy=\"2.5\" r=\"2.5\" fill=\"#13110D\"><\/circle><\/svg>\t\t\t<\/div>\n\t\t<\/div>\n\t\t\t\t\t\t<\/div>\n\t\t\t\t<\/div>\n\t\t\t\t<\/div>\n\t\t\t\t<\/a>\n\t\t\t\t<\/div>\n\t\t\t\t<div class=\"elementor-element elementor-element-b70f294 elementor-widget__width-initial elementor-widget elementor-widget-image\" data-id=\"b70f294\" data-element_type=\"widget\" data-e-type=\"widget\" data-widget_type=\"image.default\">\n\t\t\t\t<div class=\"elementor-widget-container\">\n\t\t\t\t\t\t\t\t\t\t\t\t\t\t\t<img decoding=\"async\" width=\"1280\" height=\"1920\" src=\"https:\/\/www.arduen.com\/wp-content\/uploads\/2026\/02\/DSCF4657_j.lozay_web.jpg\" class=\"attachment-full size-full wp-image-1710\" alt=\"\" srcset=\"https:\/\/www.arduen.com\/wp-content\/uploads\/2026\/02\/DSCF4657_j.lozay_web.jpg 1280w, https:\/\/www.arduen.com\/wp-content\/uploads\/2026\/02\/DSCF4657_j.lozay_web-200x300.jpg 200w, https:\/\/www.arduen.com\/wp-content\/uploads\/2026\/02\/DSCF4657_j.lozay_web-683x1024.jpg 683w, https:\/\/www.arduen.com\/wp-content\/uploads\/2026\/02\/DSCF4657_j.lozay_web-768x1152.jpg 768w, https:\/\/www.arduen.com\/wp-content\/uploads\/2026\/02\/DSCF4657_j.lozay_web-1024x1536.jpg 1024w, https:\/\/www.arduen.com\/wp-content\/uploads\/2026\/02\/DSCF4657_j.lozay_web-8x12.jpg 8w\" sizes=\"(max-width: 1280px) 100vw, 1280px\" title=\"\">\t\t\t\t\t\t\t\t\t\t\t\t\t\t\t<\/div>\n\t\t\t\t<\/div>\n\t\t\t\t<\/div>\n\t\t\t\t\t<\/div>\n\t\t\t\t<\/div>\n\t\t\t\t<\/div>","protected":false},"excerpt":{"rendered":"<p>La destination Saint Launeuc Que faire en C\u00f4tes-d&rsquo;Armor ? Que faire en C\u00f4tes-d\u2019Armor : entre nature, culture et \u00e9vasion Au c\u0153ur des C\u00f4tes-d\u2019Armor, Saint-Launeuc est une invitation \u00e0 la d\u00e9couverte. Entre for\u00eats majestueuses, \u00e9tangs paisibles et villages de caract\u00e8re, le territoire regorge d\u2019exp\u00e9riences \u00e0 vivre. Randonn\u00e9es, \u00e9quitation, p\u00eache, patrimoine breton ou escapades gourmandes\u2026 ici, chaque [&hellip;]<\/p>\n","protected":false},"author":13,"featured_media":0,"parent":0,"menu_order":0,"comment_status":"closed","ping_status":"closed","template":"","meta":{"_acf_changed":false,"inline_featured_image":false,"footnotes":""},"class_list":["post-257","page","type-page","status-publish","hentry"],"acf":[],"_links":{"self":[{"href":"https:\/\/www.arduen.com\/en\/wp-json\/wp\/v2\/pages\/257","targetHints":{"allow":["GET"]}}],"collection":[{"href":"https:\/\/www.arduen.com\/en\/wp-json\/wp\/v2\/pages"}],"about":[{"href":"https:\/\/www.arduen.com\/en\/wp-json\/wp\/v2\/types\/page"}],"author":[{"embeddable":true,"href":"https:\/\/www.arduen.com\/en\/wp-json\/wp\/v2\/users\/13"}],"replies":[{"embeddable":true,"href":"https:\/\/www.arduen.com\/en\/wp-json\/wp\/v2\/comments?post=257"}],"version-history":[{"count":40,"href":"https:\/\/www.arduen.com\/en\/wp-json\/wp\/v2\/pages\/257\/revisions"}],"predecessor-version":[{"id":2752,"href":"https:\/\/www.arduen.com\/en\/wp-json\/wp\/v2\/pages\/257\/revisions\/2752"}],"wp:attachment":[{"href":"https:\/\/www.arduen.com\/en\/wp-json\/wp\/v2\/media?parent=257"}],"curies":[{"name":"wp","href":"https:\/\/api.w.org\/{rel}","templated":true}]}}