{"id":328,"date":"2026-01-13T11:39:29","date_gmt":"2026-01-13T10:39:29","guid":{"rendered":"https:\/\/www.arduen.com\/?page_id=328"},"modified":"2026-02-02T14:55:53","modified_gmt":"2026-02-02T13:55:53","slug":"faq","status":"publish","type":"page","link":"https:\/\/www.arduen.com\/en\/faq\/","title":{"rendered":"FAQ"},"content":{"rendered":"\t\t<div data-elementor-type=\"wp-page\" data-elementor-id=\"328\" class=\"elementor elementor-328\" data-elementor-post-type=\"page\">\n\t\t\t\t<div class=\"elementor-element elementor-element-7c9fc21 e-flex e-con-boxed e-con e-parent\" data-id=\"7c9fc21\" data-element_type=\"container\" data-e-type=\"container\">\n\t\t\t\t\t<div class=\"e-con-inner\">\n\t\t<div class=\"elementor-element elementor-element-40ed125 e-con-full global-content-width e-flex e-con e-child\" data-id=\"40ed125\" data-element_type=\"container\" data-e-type=\"container\">\n\t\t\t\t<div class=\"elementor-element elementor-element-77d43bb elementor-widget elementor-widget-heading\" data-id=\"77d43bb\" data-element_type=\"widget\" data-e-type=\"widget\" data-widget_type=\"heading.default\">\n\t\t\t\t<div class=\"elementor-widget-container\">\n\t\t\t\t\t<h1 class=\"elementor-heading-title elementor-size-default\">Foire aux questions<\/h1>\t\t\t\t<\/div>\n\t\t\t\t<\/div>\n\t\t\t\t<div class=\"elementor-element elementor-element-eb4c532 elementor-widget elementor-widget-heading\" data-id=\"eb4c532\" data-element_type=\"widget\" data-e-type=\"widget\" data-widget_type=\"heading.default\">\n\t\t\t\t<div class=\"elementor-widget-container\">\n\t\t\t\t\t<h2 class=\"elementor-heading-title elementor-size-default\">Les r\u00e9ponses \u00e0 vos questions<\/h2>\t\t\t\t<\/div>\n\t\t\t\t<\/div>\n\t\t\t\t<\/div>\n\t\t\t\t<div class=\"elementor-element elementor-element-b1a9d69 elementor-widget elementor-widget-n-accordion\" data-id=\"b1a9d69\" data-element_type=\"widget\" data-e-type=\"widget\" data-settings=\"{&quot;default_state&quot;:&quot;all_collapsed&quot;,&quot;max_items_expended&quot;:&quot;multiple&quot;,&quot;n_accordion_animation_duration&quot;:{&quot;unit&quot;:&quot;ms&quot;,&quot;size&quot;:300,&quot;sizes&quot;:[]}}\" data-widget_type=\"nested-accordion.default\">\n\t\t\t\t<div class=\"elementor-widget-container\">\n\t\t\t\t\t\t\t<div class=\"e-n-accordion\" aria-label=\"Accordion. Open links with Enter or Space, close with Escape, and navigate with Arrow Keys\">\n\t\t\t\t\t\t<details id=\"e-n-accordion-item-1860\" class=\"e-n-accordion-item\" >\n\t\t\t\t<summary class=\"e-n-accordion-item-title\" data-accordion-index=\"1\" tabindex=\"0\" aria-expanded=\"false\" aria-controls=\"e-n-accordion-item-1860\" >\n\t\t\t\t\t<span class='e-n-accordion-item-title-header'><div class=\"e-n-accordion-item-title-text\"> O\u00f9 se situe l\u2019h\u00f4tel Ar Duen ? <\/div><\/span>\n\t\t\t\t\t\t\t<span class='e-n-accordion-item-title-icon'>\n\t\t\t<span class='e-opened' ><svg xmlns=\"http:\/\/www.w3.org\/2000\/svg\" fill=\"none\" viewBox=\"0 0 14 8\"><path stroke=\"#000\" d=\"M.363 7.505 6.771.728l6.409 6.777\"><\/path><\/svg><\/span>\n\t\t\t<span class='e-closed'><svg xmlns=\"http:\/\/www.w3.org\/2000\/svg\" fill=\"none\" viewBox=\"0 0 14 8\"><path stroke=\"#000\" d=\"M.363.344 6.771 7.12 13.18.344\"><\/path><\/svg><\/span>\n\t\t<\/span>\n\n\t\t\t\t\t\t<\/summary>\n\t\t\t\t<div role=\"region\" aria-labelledby=\"e-n-accordion-item-1860\" class=\"elementor-element elementor-element-1990704 e-con-full e-flex e-con e-child\" data-id=\"1990704\" data-element_type=\"container\" data-e-type=\"container\">\n\t\t\t\t<div class=\"elementor-element elementor-element-438ead6 elementor-widget elementor-widget-text-editor\" data-id=\"438ead6\" data-element_type=\"widget\" data-e-type=\"widget\" data-widget_type=\"text-editor.default\">\n\t\t\t\t<div class=\"elementor-widget-container\">\n\t\t\t\t\t\t\t\t\t<p>Ar Duen se trouve \u00e0 Saint-Launeuc, au c\u0153ur des C\u00f4tes-d\u2019Armor, en Bretagne centrale. Le domaine est id\u00e9alement situ\u00e9 \u00e0 l\u2019\u00e9cart du tumulte, tout en restant facilement accessible depuis Rennes, Saint-Brieuc ou Lamballe.<\/p><p>\u00a0<\/p>\t\t\t\t\t\t\t\t<\/div>\n\t\t\t\t<\/div>\n\t\t\t\t<\/div>\n\t\t\t\t\t<\/details>\n\t\t\t\t\t\t<details id=\"e-n-accordion-item-1861\" class=\"e-n-accordion-item\" >\n\t\t\t\t<summary class=\"e-n-accordion-item-title\" data-accordion-index=\"2\" tabindex=\"-1\" aria-expanded=\"false\" aria-controls=\"e-n-accordion-item-1861\" >\n\t\t\t\t\t<span class='e-n-accordion-item-title-header'><div class=\"e-n-accordion-item-title-text\"> Quelles activit\u00e9s peut-on faire sur le domaine ? <\/div><\/span>\n\t\t\t\t\t\t\t<span class='e-n-accordion-item-title-icon'>\n\t\t\t<span class='e-opened' ><svg xmlns=\"http:\/\/www.w3.org\/2000\/svg\" fill=\"none\" viewBox=\"0 0 14 8\"><path stroke=\"#000\" d=\"M.363 7.505 6.771.728l6.409 6.777\"><\/path><\/svg><\/span>\n\t\t\t<span class='e-closed'><svg xmlns=\"http:\/\/www.w3.org\/2000\/svg\" fill=\"none\" viewBox=\"0 0 14 8\"><path stroke=\"#000\" d=\"M.363.344 6.771 7.12 13.18.344\"><\/path><\/svg><\/span>\n\t\t<\/span>\n\n\t\t\t\t\t\t<\/summary>\n\t\t\t\t<div role=\"region\" aria-labelledby=\"e-n-accordion-item-1861\" class=\"elementor-element elementor-element-9569bd2 e-con-full e-flex e-con e-child\" data-id=\"9569bd2\" data-element_type=\"container\" data-e-type=\"container\">\n\t\t\t\t<div class=\"elementor-element elementor-element-1ef9de1 elementor-widget elementor-widget-text-editor\" data-id=\"1ef9de1\" data-element_type=\"widget\" data-e-type=\"widget\" data-widget_type=\"text-editor.default\">\n\t\t\t\t<div class=\"elementor-widget-container\">\n\t\t\t\t\t\t\t\t\t<p>Le Domaine de La Hardouinais offre une multitude d\u2019activit\u00e9s nature : balades en for\u00eat, cueillettes de champignons, p\u00eache no-kill, \u00e9quitation au Haras, ou encore nautisme sur l\u2019\u00e9tang. Des cours d\u2019\u0153nologie, ateliers bien-\u00eatre et masterclass artistiques viennent compl\u00e9ter l\u2019exp\u00e9rience.<\/p>\t\t\t\t\t\t\t\t<\/div>\n\t\t\t\t<\/div>\n\t\t\t\t<\/div>\n\t\t\t\t\t<\/details>\n\t\t\t\t\t\t<details id=\"e-n-accordion-item-1862\" class=\"e-n-accordion-item\" >\n\t\t\t\t<summary class=\"e-n-accordion-item-title\" data-accordion-index=\"3\" tabindex=\"-1\" aria-expanded=\"false\" aria-controls=\"e-n-accordion-item-1862\" >\n\t\t\t\t\t<span class='e-n-accordion-item-title-header'><div class=\"e-n-accordion-item-title-text\"> Le restaurant est-il ouvert \u00e0 tous ? <\/div><\/span>\n\t\t\t\t\t\t\t<span class='e-n-accordion-item-title-icon'>\n\t\t\t<span class='e-opened' ><svg xmlns=\"http:\/\/www.w3.org\/2000\/svg\" fill=\"none\" viewBox=\"0 0 14 8\"><path stroke=\"#000\" d=\"M.363 7.505 6.771.728l6.409 6.777\"><\/path><\/svg><\/span>\n\t\t\t<span class='e-closed'><svg xmlns=\"http:\/\/www.w3.org\/2000\/svg\" fill=\"none\" viewBox=\"0 0 14 8\"><path stroke=\"#000\" d=\"M.363.344 6.771 7.12 13.18.344\"><\/path><\/svg><\/span>\n\t\t<\/span>\n\n\t\t\t\t\t\t<\/summary>\n\t\t\t\t<div role=\"region\" aria-labelledby=\"e-n-accordion-item-1862\" class=\"elementor-element elementor-element-d834a66 e-con-full e-flex e-con e-child\" data-id=\"d834a66\" data-element_type=\"container\" data-e-type=\"container\">\n\t\t\t\t<div class=\"elementor-element elementor-element-66cf924 elementor-widget elementor-widget-text-editor\" data-id=\"66cf924\" data-element_type=\"widget\" data-e-type=\"widget\" data-widget_type=\"text-editor.default\">\n\t\t\t\t<div class=\"elementor-widget-container\">\n\t\t\t\t\t\t\t\t\t<p>Oui, nos trois espaces de restauration \u2013 bistronomie, r\u00f4tisserie et cr\u00eaperie \u2013 sont ouverts \u00e0 tous, que vous s\u00e9journiez ou non \u00e0 l\u2019h\u00f4tel. Chacun propose une cuisine de saison, inspir\u00e9e du terroir et des produits locaux du domaine.<\/p>\t\t\t\t\t\t\t\t<\/div>\n\t\t\t\t<\/div>\n\t\t\t\t<\/div>\n\t\t\t\t\t<\/details>\n\t\t\t\t\t\t<details id=\"e-n-accordion-item-1863\" class=\"e-n-accordion-item\" >\n\t\t\t\t<summary class=\"e-n-accordion-item-title\" data-accordion-index=\"4\" tabindex=\"-1\" aria-expanded=\"false\" aria-controls=\"e-n-accordion-item-1863\" >\n\t\t\t\t\t<span class='e-n-accordion-item-title-header'><div class=\"e-n-accordion-item-title-text\"> Proposez-vous des soins ou activit\u00e9s bien-\u00eatre ? <\/div><\/span>\n\t\t\t\t\t\t\t<span class='e-n-accordion-item-title-icon'>\n\t\t\t<span class='e-opened' ><svg xmlns=\"http:\/\/www.w3.org\/2000\/svg\" fill=\"none\" viewBox=\"0 0 14 8\"><path stroke=\"#000\" d=\"M.363 7.505 6.771.728l6.409 6.777\"><\/path><\/svg><\/span>\n\t\t\t<span class='e-closed'><svg xmlns=\"http:\/\/www.w3.org\/2000\/svg\" fill=\"none\" viewBox=\"0 0 14 8\"><path stroke=\"#000\" d=\"M.363.344 6.771 7.12 13.18.344\"><\/path><\/svg><\/span>\n\t\t<\/span>\n\n\t\t\t\t\t\t<\/summary>\n\t\t\t\t<div role=\"region\" aria-labelledby=\"e-n-accordion-item-1863\" class=\"elementor-element elementor-element-a27ce34 e-flex e-con-boxed e-con e-child\" data-id=\"a27ce34\" data-element_type=\"container\" data-e-type=\"container\">\n\t\t\t\t\t<div class=\"e-con-inner\">\n\t\t\t\t<div class=\"elementor-element elementor-element-21c581b elementor-widget elementor-widget-text-editor\" data-id=\"21c581b\" data-element_type=\"widget\" data-e-type=\"widget\" data-widget_type=\"text-editor.default\">\n\t\t\t\t<div class=\"elementor-widget-container\">\n\t\t\t\t\t\t\t\t\t<p>Oui, notre espace bien-\u00eatre vous accueille toute l\u2019ann\u00e9e. Massages, r\u00e9flexologie, gemmoth\u00e9rapie ou bains de for\u00eat : nos soins s\u2019inspirent directement de la nature environnante pour une d\u00e9tente profonde et authentique.<\/p>\t\t\t\t\t\t\t\t<\/div>\n\t\t\t\t<\/div>\n\t\t\t\t\t<\/div>\n\t\t\t\t<\/div>\n\t\t\t\t\t<\/details>\n\t\t\t\t\t\t<details id=\"e-n-accordion-item-1864\" class=\"e-n-accordion-item\" >\n\t\t\t\t<summary class=\"e-n-accordion-item-title\" data-accordion-index=\"5\" tabindex=\"-1\" aria-expanded=\"false\" aria-controls=\"e-n-accordion-item-1864\" >\n\t\t\t\t\t<span class='e-n-accordion-item-title-header'><div class=\"e-n-accordion-item-title-text\"> Peut-on organiser un s\u00e9minaire ou un \u00e9v\u00e9nement \u00e0 Ar Duen ? <\/div><\/span>\n\t\t\t\t\t\t\t<span class='e-n-accordion-item-title-icon'>\n\t\t\t<span class='e-opened' ><svg xmlns=\"http:\/\/www.w3.org\/2000\/svg\" fill=\"none\" viewBox=\"0 0 14 8\"><path stroke=\"#000\" d=\"M.363 7.505 6.771.728l6.409 6.777\"><\/path><\/svg><\/span>\n\t\t\t<span class='e-closed'><svg xmlns=\"http:\/\/www.w3.org\/2000\/svg\" fill=\"none\" viewBox=\"0 0 14 8\"><path stroke=\"#000\" d=\"M.363.344 6.771 7.12 13.18.344\"><\/path><\/svg><\/span>\n\t\t<\/span>\n\n\t\t\t\t\t\t<\/summary>\n\t\t\t\t<div role=\"region\" aria-labelledby=\"e-n-accordion-item-1864\" class=\"elementor-element elementor-element-aa895a2 e-flex e-con-boxed e-con e-child\" data-id=\"aa895a2\" data-element_type=\"container\" data-e-type=\"container\">\n\t\t\t\t\t<div class=\"e-con-inner\">\n\t\t\t\t<div class=\"elementor-element elementor-element-134481d elementor-widget elementor-widget-text-editor\" data-id=\"134481d\" data-element_type=\"widget\" data-e-type=\"widget\" data-widget_type=\"text-editor.default\">\n\t\t\t\t<div class=\"elementor-widget-container\">\n\t\t\t\t\t\t\t\t\t<p>Tout \u00e0 fait. Le domaine dispose de quatre salles de r\u00e9union modulables, d\u2019espaces ext\u00e9rieurs, d\u2019un service sur mesure et d\u2019un cadre inspirant, parfait pour des s\u00e9minaires, retraites ou \u00e9v\u00e9nements professionnels au c\u0153ur de la Bretagne.<\/p>\t\t\t\t\t\t\t\t<\/div>\n\t\t\t\t<\/div>\n\t\t\t\t\t<\/div>\n\t\t\t\t<\/div>\n\t\t\t\t\t<\/details>\n\t\t\t\t\t\t<details id=\"e-n-accordion-item-1865\" class=\"e-n-accordion-item\" >\n\t\t\t\t<summary class=\"e-n-accordion-item-title\" data-accordion-index=\"6\" tabindex=\"-1\" aria-expanded=\"false\" aria-controls=\"e-n-accordion-item-1865\" >\n\t\t\t\t\t<span class='e-n-accordion-item-title-header'><div class=\"e-n-accordion-item-title-text\"> L\u2019h\u00f4tel dispose-t-il d\u2019un parking ? <\/div><\/span>\n\t\t\t\t\t\t\t<span class='e-n-accordion-item-title-icon'>\n\t\t\t<span class='e-opened' ><svg xmlns=\"http:\/\/www.w3.org\/2000\/svg\" fill=\"none\" viewBox=\"0 0 14 8\"><path stroke=\"#000\" d=\"M.363 7.505 6.771.728l6.409 6.777\"><\/path><\/svg><\/span>\n\t\t\t<span class='e-closed'><svg xmlns=\"http:\/\/www.w3.org\/2000\/svg\" fill=\"none\" viewBox=\"0 0 14 8\"><path stroke=\"#000\" d=\"M.363.344 6.771 7.12 13.18.344\"><\/path><\/svg><\/span>\n\t\t<\/span>\n\n\t\t\t\t\t\t<\/summary>\n\t\t\t\t<div role=\"region\" aria-labelledby=\"e-n-accordion-item-1865\" class=\"elementor-element elementor-element-266ecb9 e-flex e-con-boxed e-con e-child\" data-id=\"266ecb9\" data-element_type=\"container\" data-e-type=\"container\">\n\t\t\t\t\t<div class=\"e-con-inner\">\n\t\t\t\t<div class=\"elementor-element elementor-element-0d760a7 elementor-widget elementor-widget-text-editor\" data-id=\"0d760a7\" data-element_type=\"widget\" data-e-type=\"widget\" data-widget_type=\"text-editor.default\">\n\t\t\t\t<div class=\"elementor-widget-container\">\n\t\t\t\t\t\t\t\t\t<p>Oui, un parking priv\u00e9 et gratuit est \u00e0 la disposition de nos h\u00f4tes, \u00e0 proximit\u00e9 imm\u00e9diate de l\u2019auberge et du domaine.<\/p>\t\t\t\t\t\t\t\t<\/div>\n\t\t\t\t<\/div>\n\t\t\t\t\t<\/div>\n\t\t\t\t<\/div>\n\t\t\t\t\t<\/details>\n\t\t\t\t\t<\/div>\n\t\t\t\t\t<script type=\"application\/ld+json\">{\"@context\":\"https:\\\/\\\/schema.org\",\"@type\":\"FAQPage\",\"mainEntity\":[{\"@type\":\"Question\",\"name\":\"O\\u00f9 se situe l\\u2019h\\u00f4tel Ar Duen ?\",\"acceptedAnswer\":{\"@type\":\"Answer\",\"text\":\"Ar Duen se trouve \\u00e0 Saint-Launeuc, au c\\u0153ur des C\\u00f4tes-d\\u2019Armor, en Bretagne centrale. Le domaine est id\\u00e9alement situ\\u00e9 \\u00e0 l\\u2019\\u00e9cart du tumulte, tout en restant facilement accessible depuis Rennes, Saint-Brieuc ou Lamballe.\\u00a0\"}},{\"@type\":\"Question\",\"name\":\"Quelles activit\\u00e9s peut-on faire sur le domaine ?\",\"acceptedAnswer\":{\"@type\":\"Answer\",\"text\":\"Le Domaine de La Hardouinais offre une multitude d\\u2019activit\\u00e9s nature : balades en for\\u00eat, cueillettes de champignons, p\\u00eache no-kill, \\u00e9quitation au Haras, ou encore nautisme sur l\\u2019\\u00e9tang. Des cours d\\u2019\\u0153nologie, ateliers bien-\\u00eatre et masterclass artistiques viennent compl\\u00e9ter l\\u2019exp\\u00e9rience.\"}},{\"@type\":\"Question\",\"name\":\"Le restaurant est-il ouvert \\u00e0 tous ?\",\"acceptedAnswer\":{\"@type\":\"Answer\",\"text\":\"Oui, nos trois espaces de restauration \\u2013 bistronomie, r\\u00f4tisserie et cr\\u00eaperie \\u2013 sont ouverts \\u00e0 tous, que vous s\\u00e9journiez ou non \\u00e0 l\\u2019h\\u00f4tel. Chacun propose une cuisine de saison, inspir\\u00e9e du terroir et des produits locaux du domaine.\"}},{\"@type\":\"Question\",\"name\":\"Proposez-vous des soins ou activit\\u00e9s bien-\\u00eatre ?\",\"acceptedAnswer\":{\"@type\":\"Answer\",\"text\":\"Oui, notre espace bien-\\u00eatre vous accueille toute l\\u2019ann\\u00e9e. Massages, r\\u00e9flexologie, gemmoth\\u00e9rapie ou bains de for\\u00eat : nos soins s\\u2019inspirent directement de la nature environnante pour une d\\u00e9tente profonde et authentique.\"}},{\"@type\":\"Question\",\"name\":\"Peut-on organiser un s\\u00e9minaire ou un \\u00e9v\\u00e9nement \\u00e0 Ar Duen ?\",\"acceptedAnswer\":{\"@type\":\"Answer\",\"text\":\"Tout \\u00e0 fait. Le domaine dispose de quatre salles de r\\u00e9union modulables, d\\u2019espaces ext\\u00e9rieurs, d\\u2019un service sur mesure et d\\u2019un cadre inspirant, parfait pour des s\\u00e9minaires, retraites ou \\u00e9v\\u00e9nements professionnels au c\\u0153ur de la Bretagne.\"}},{\"@type\":\"Question\",\"name\":\"L\\u2019h\\u00f4tel dispose-t-il d\\u2019un parking ?\",\"acceptedAnswer\":{\"@type\":\"Answer\",\"text\":\"Oui, un parking priv\\u00e9 et gratuit est \\u00e0 la disposition de nos h\\u00f4tes, \\u00e0 proximit\\u00e9 imm\\u00e9diate de l\\u2019auberge et du domaine.\"}}]}<\/script>\n\t\t\t\t\t\t\t<\/div>\n\t\t\t\t<\/div>\n\t\t\t\t\t<\/div>\n\t\t\t\t<\/div>\n\t\t\t\t<\/div>\n\t\t","protected":false},"excerpt":{"rendered":"<p>Foire aux questions Les r\u00e9ponses \u00e0 vos questions O\u00f9 se situe l\u2019h\u00f4tel Ar Duen ? Ar Duen se trouve \u00e0 Saint-Launeuc, au c\u0153ur des C\u00f4tes-d\u2019Armor, en Bretagne centrale. Le domaine est id\u00e9alement situ\u00e9 \u00e0 l\u2019\u00e9cart du tumulte, tout en restant facilement accessible depuis Rennes, Saint-Brieuc ou Lamballe. \u00a0 Quelles activit\u00e9s peut-on faire sur le domaine [&hellip;]<\/p>\n","protected":false},"author":13,"featured_media":0,"parent":0,"menu_order":0,"comment_status":"closed","ping_status":"closed","template":"","meta":{"_acf_changed":false,"inline_featured_image":false,"footnotes":""},"class_list":["post-328","page","type-page","status-publish","hentry"],"acf":[],"_links":{"self":[{"href":"https:\/\/www.arduen.com\/en\/wp-json\/wp\/v2\/pages\/328","targetHints":{"allow":["GET"]}}],"collection":[{"href":"https:\/\/www.arduen.com\/en\/wp-json\/wp\/v2\/pages"}],"about":[{"href":"https:\/\/www.arduen.com\/en\/wp-json\/wp\/v2\/types\/page"}],"author":[{"embeddable":true,"href":"https:\/\/www.arduen.com\/en\/wp-json\/wp\/v2\/users\/13"}],"replies":[{"embeddable":true,"href":"https:\/\/www.arduen.com\/en\/wp-json\/wp\/v2\/comments?post=328"}],"version-history":[{"count":7,"href":"https:\/\/www.arduen.com\/en\/wp-json\/wp\/v2\/pages\/328\/revisions"}],"predecessor-version":[{"id":1616,"href":"https:\/\/www.arduen.com\/en\/wp-json\/wp\/v2\/pages\/328\/revisions\/1616"}],"wp:attachment":[{"href":"https:\/\/www.arduen.com\/en\/wp-json\/wp\/v2\/media?parent=328"}],"curies":[{"name":"wp","href":"https:\/\/api.w.org\/{rel}","templated":true}]}}